{"id":80677,"date":"2025-03-05T23:58:01","date_gmt":"2025-03-05T23:58:01","guid":{"rendered":"https:\/\/litci.org\/pt\/?page_id=80677"},"modified":"2025-03-06T21:25:22","modified_gmt":"2025-03-06T21:25:22","slug":"especial-8m-2025","status":"publish","type":"page","link":"https:\/\/litci.org\/pt\/especial-8m-2025\/","title":{"rendered":"Especial 8M 2025"},"content":{"rendered":"<section>\n    <div class=\"container\">\n        <div class=\"column\">\n            <a class=\"ads\" href=\"https:\/\/litci.org\/pt\/especial-8m-2025\">\n                <img decoding=\"async\" src=\"http:\/\/litci.org\/pt\/wp-content\/uploads\/2025\/03\/8m2025_banner_topo_pt.jpg\" \/>\n            <\/a>\n        <\/div>\n    <\/div>\n<\/section>\n\n<section style=\"background-color:\n    inherit\"\n    class=\"\">\n    <div class=\"block-01\">\n        <div class=\"container\">\n            <article class=\"unit-01\">\n    <div class='column'>\n                <span class=\"sup-category mobile\">8M 2025<\/span>\n        <a href=\"https:\/\/litci.org\/pt\/2025\/03\/05\/declaracao-8m-contra-os-ataques-dos-governos-e-da-ultra-direita-mundial-independencia-de-classe-e-solidariedade-internacional\/\" class=\"mobile\" title=\"Declara\u00e7\u00e3o | 8M: Contra os ataques dos governos e da ultra direita mundial, independ\u00eancia de classe e solidariedade internacional!\" arial-label=\"Especial 8M 2025\">\n            <h2>Declara\u00e7\u00e3o | 8M: Contra os ataques dos governos e da ultra direita mundial, independ\u00eancia de classe e solidariedade internacional!<\/h2>\n        <\/a>\n        <a class=\"featured-image-container\" href=\"https:\/\/litci.org\/pt\/2025\/03\/05\/declaracao-8m-contra-os-ataques-dos-governos-e-da-ultra-direita-mundial-independencia-de-classe-e-solidariedade-internacional\/\" title=\"Declara\u00e7\u00e3o | 8M: Contra os ataques dos governos e da ultra direita mundial, independ\u00eancia de classe e solidariedade internacional!\" aria-label=\"Declara\u00e7\u00e3o | 8M: Contra os ataques dos governos e da ultra direita mundial, independ\u00eancia de classe e solidariedade internacional!\"><img decoding=\"async\" class=\"featured-image\" src=\"https:\/\/litci.org\/pt\/wp-content\/uploads\/2025\/03\/8M-2.jpg\" load=\"lazy\" alt=\"Declara\u00e7\u00e3o | 8M: Contra os ataques dos governos e da ultra direita mundial, independ\u00eancia de classe e solidariedade internacional!\"\/><\/a>    <\/div>\n    <div class=\"column va-center\">\n        <a href=\"https:\/\/litci.org\/pt\/2025\/03\/05\/declaracao-8m-contra-os-ataques-dos-governos-e-da-ultra-direita-mundial-independencia-de-classe-e-solidariedade-internacional\/\" class=\"desktop\" title=\"Declara\u00e7\u00e3o | 8M: Contra os ataques dos governos e da ultra direita mundial, independ\u00eancia de classe e solidariedade internacional!\" arial-label=\"Especial 8M 2025\">\n            <h2>Declara\u00e7\u00e3o | 8M: Contra os ataques dos governos e da ultra direita mundial, independ\u00eancia de classe e solidariedade internacional!<\/h2>\n        <\/a>\n        <p>No dia 8 de mar\u00e7o, Dia Internacional da Mulher Trabalhadora, denunciamos a brutalidade do capitalismo em sua fase de decad\u00eancia, que aprofunda a explora\u00e7\u00e3o, a mis\u00e9ria e a viol\u00eancia contra a classe trabalhadora e seus setores oprimidos. As mulheres trabalhadoras, especialmente as mais pobres, migrantes e racializadas, s\u00e3o as primeiras a sentir o peso das [&hellip;]<\/p>\n        <div class=\"meta\">\n            <a class=\"sup-category desktop\" href=\"https:\/\/litci.org\/pt\/category\/8m-2025\/\">8M 2025<\/a>\n            <p class=\"post-date\">05 de mar de 2025<\/p>\n        <\/div>\n<\/article>        <\/div>\n    <\/div>\n<\/section>\n\n<section style=\"background-color:\n    inherit\" class=\"\">\n    <div class=\"container\">\n        <div class=\"column\">\n            <div class=\"block-header\">\n                                    <h3>Hist\u00f3ria<\/h3>\n                            <\/div>\n            <div class=\"block-02\">\n                <article class=\"unit-02\">\n    <div class='column'>\n        <a class=\"featured-image-container\" href=\"https:\/\/litci.org\/pt\/2021\/03\/08\/63252-2\/\" title=\"8M| Pol\u00eamicas sobre esta data\" aria-label=\"8M| Pol\u00eamicas sobre esta data\"><img decoding=\"async\" class=\"featured-image\" src=\"https:\/\/litci.org\/pt\/wp-content\/uploads\/2021\/03\/lawrence.jpg\" load=\"lazy\" alt=\"8M| Pol\u00eamicas sobre esta data\"\/><\/a>    <\/div>\n    <div class=\"column\">\n        <a href=\"https:\/\/litci.org\/pt\/2021\/03\/08\/63252-2\/\" title=\"8M| Pol\u00eamicas sobre esta data\" arial-label=\"Especial 8M 2025\">\n            <h3>8M| Pol\u00eamicas sobre esta data<\/h3>\n        <\/a>\n        <div class=\"excerpt\">Uma s\u00e9rie de pol\u00eamicas cercam esta data, uma delas tem a ver com a origem do 8 de mar\u00e7o. Durante muitos anos, seguindo a historiografia espanhola, esta data esteve associada a um inc\u00eandio provocado pelo propriet\u00e1rio da f\u00e1brica de tecidos Cotton em Nova York, que teria ocorrido em 8 de mar\u00e7o de 1908, onde morreram [&hellip;]<\/div>\n        <div class=\"meta\">\n                        <a class=\"sup-category\" href=\"https:\/\/litci.org\/pt\/category\/8m-2025\/\">\n                8M 2025            <\/a>\n            <p class=\"post-date\">08 de mar de 2021<\/p>\n        <\/div>\n    <\/div>\n<\/article><article class=\"unit-02\">\n    <div class='column'>\n        <a class=\"featured-image-container\" href=\"https:\/\/litci.org\/pt\/2025\/03\/05\/a-origem-do-8-de-marco\/\" title=\"A origem do 8 de mar\u00e7o\" aria-label=\"A origem do 8 de mar\u00e7o\"><img decoding=\"async\" class=\"featured-image\" src=\"https:\/\/litci.org\/pt\/wp-content\/uploads\/2025\/03\/Captura-de-tela_5-3-2025_11714_valor.globo_.com_.jpeg\" load=\"lazy\" alt=\"A origem do 8 de mar\u00e7o\"\/><\/a>    <\/div>\n    <div class=\"column\">\n        <a href=\"https:\/\/litci.org\/pt\/2025\/03\/05\/a-origem-do-8-de-marco\/\" title=\"A origem do 8 de mar\u00e7o\" arial-label=\"Especial 8M 2025\">\n            <h3>A origem do 8 de mar\u00e7o<\/h3>\n        <\/a>\n        <div class=\"excerpt\">A origem do Dia da Mulher Trabalhadora \u00e9 atravessada por marcos importantes da hist\u00f3ria do s\u00e9culo XX, como a Primeira Guerra Mundial, a luta internacional pelo voto feminino, o auge do sindicalismo nos Estados Unidos e na Europa e, principalmente, a Revolu\u00e7\u00e3o Russa. O primeiro antecedente de 8 de mar\u00e7o \u00e9 encontrado na primeira onda [&hellip;]<\/div>\n        <div class=\"meta\">\n                        <a class=\"sup-category\" href=\"https:\/\/litci.org\/pt\/category\/8m-2025\/\">\n                8M 2025            <\/a>\n            <p class=\"post-date\">05 de mar de 2025<\/p>\n        <\/div>\n    <\/div>\n<\/article>            <\/div>\n        <\/div>\n    <\/div>\n<\/section>\n\n<section style=\"background-color:\n    inherit\" class=\"\">\n    <div class=\"container\">\n        <div class=\"column\">\n            <div class=\"block-header\">\n                                    <h3>Atualidade<\/h3>\n                            <\/div>\n                        <div class=\"block-10 four-columns\">\n                <article class=\"unit-02\">\n    <div class='column'>\n        <a class=\"featured-image-container\" href=\"https:\/\/litci.org\/pt\/2025\/03\/05\/8m-contra-a-violencia-machista-a-ultradireita-e-a-barbarie-capitalista-la-ultraderecha-y-la-barbarie-capitalista-erradicacao-do-machismo-e-do-franquismo-no-sistema-judicial\/\" title=\"8M: Contra a viol\u00eancia machista, a ultradireita e a barb\u00e1rie capitalista! Erradica\u00e7\u00e3o do machismo e do franquismo no sistema judicial\" aria-label=\"8M: Contra a viol\u00eancia machista, a ultradireita e a barb\u00e1rie capitalista! Erradica\u00e7\u00e3o do machismo e do franquismo no sistema judicial\"><img decoding=\"async\" class=\"featured-image\" src=\"https:\/\/litci.org\/pt\/wp-content\/uploads\/2025\/03\/8m-europe-1024x576.webp\" load=\"lazy\" alt=\"8M: Contra a viol\u00eancia machista, a ultradireita e a barb\u00e1rie capitalista! Erradica\u00e7\u00e3o do machismo e do franquismo no sistema judicial\"\/><\/a>    <\/div>\n    <div class=\"column\">\n        <a href=\"https:\/\/litci.org\/pt\/2025\/03\/05\/8m-contra-a-violencia-machista-a-ultradireita-e-a-barbarie-capitalista-la-ultraderecha-y-la-barbarie-capitalista-erradicacao-do-machismo-e-do-franquismo-no-sistema-judicial\/\" title=\"8M: Contra a viol\u00eancia machista, a ultradireita e a barb\u00e1rie capitalista! Erradica\u00e7\u00e3o do machismo e do franquismo no sistema judicial\" arial-label=\"Especial 8M 2025\">\n            <h3>8M: Contra a viol\u00eancia machista, a ultradireita e a barb\u00e1rie capitalista! Erradica\u00e7\u00e3o do machismo e do franquismo no sistema judicial<\/h3>\n        <\/a>\n        <div class=\"excerpt\">Estamos vivendo mais um 8M preocupadas com a ascens\u00e3o da extrema direita no mundo, que, liderada pelas brutais medidas implementadas por Trump e seu governo, sente-se fortalecida para lan\u00e7ar seus ataques e seu discurso de \u00f3dio contra as mulheres e o conjunto dos oprimidos. Uma extrema direita que responde \u00e0s necessidades hist\u00f3ricas do capital e [&hellip;]<\/div>\n        <div class=\"meta\">\n                        <a class=\"sup-category\" href=\"https:\/\/litci.org\/pt\/category\/estado-espanhol\/\">\n                Estado Espanhol            <\/a>\n            <p class=\"post-date\">05 de mar de 2025<\/p>\n        <\/div>\n    <\/div>\n<\/article><article class=\"unit-02\">\n    <div class='column'>\n        <a class=\"featured-image-container\" href=\"https:\/\/litci.org\/pt\/2025\/03\/05\/colombia-tres-anos-apos-a-decisao-da-causa-justa-a-luta-pelo-aborto-legal-deve-continuar\/\" title=\"Col\u00f4mbia | Tr\u00eas anos ap\u00f3s a decis\u00e3o da Causa Justa, a luta pelo aborto legal deve continuar\" aria-label=\"Col\u00f4mbia | Tr\u00eas anos ap\u00f3s a decis\u00e3o da Causa Justa, a luta pelo aborto legal deve continuar\"><img decoding=\"async\" class=\"featured-image\" src=\"https:\/\/litci.org\/pt\/wp-content\/uploads\/2025\/03\/Captura-de-tela_5-3-2025_205223_wambra.ec_.jpeg\" load=\"lazy\" alt=\"Col\u00f4mbia | Tr\u00eas anos ap\u00f3s a decis\u00e3o da Causa Justa, a luta pelo aborto legal deve continuar\"\/><\/a>    <\/div>\n    <div class=\"column\">\n        <a href=\"https:\/\/litci.org\/pt\/2025\/03\/05\/colombia-tres-anos-apos-a-decisao-da-causa-justa-a-luta-pelo-aborto-legal-deve-continuar\/\" title=\"Col\u00f4mbia | Tr\u00eas anos ap\u00f3s a decis\u00e3o da Causa Justa, a luta pelo aborto legal deve continuar\" arial-label=\"Especial 8M 2025\">\n            <h3>Col\u00f4mbia | Tr\u00eas anos ap\u00f3s a decis\u00e3o da Causa Justa, a luta pelo aborto legal deve continuar<\/h3>\n        <\/a>\n        <div class=\"excerpt\">Por: M. Houghton Ginecologista e Obstetra pelo Direito de Decidir H\u00e1 tr\u00eas anos, em 22 de fevereiro de 2022, o movimento de mulheres comemorou um marco na hist\u00f3ria dos direitos sexuais e reprodutivos, na Col\u00f4mbia e no mundo. O Tribunal Constitucional colombiano descriminalizou totalmente o aborto at\u00e9 24 semanas e manteve o modelo de motivos [&hellip;]<\/div>\n        <div class=\"meta\">\n                        <a class=\"sup-category\" href=\"https:\/\/litci.org\/pt\/category\/8m-2025\/\">\n                8M 2025            <\/a>\n            <p class=\"post-date\">05 de mar de 2025<\/p>\n        <\/div>\n    <\/div>\n<\/article><article class=\"unit-02\">\n    <div class='column'>\n        <a class=\"featured-image-container\" href=\"https:\/\/litci.org\/pt\/2025\/03\/05\/a-violencia-nao-cessa\/\" title=\"A viol\u00eancia n\u00e3o cessa\" aria-label=\"A viol\u00eancia n\u00e3o cessa\"><img decoding=\"async\" class=\"featured-image\" src=\"https:\/\/litci.org\/pt\/wp-content\/uploads\/2025\/03\/mujetes_lationamerica_8m2025-1024x576.jpg\" load=\"lazy\" alt=\"A viol\u00eancia n\u00e3o cessa\"\/><\/a>    <\/div>\n    <div class=\"column\">\n        <a href=\"https:\/\/litci.org\/pt\/2025\/03\/05\/a-violencia-nao-cessa\/\" title=\"A viol\u00eancia n\u00e3o cessa\" arial-label=\"Especial 8M 2025\">\n            <h3>A viol\u00eancia n\u00e3o cessa<\/h3>\n        <\/a>\n        <div class=\"excerpt\">Por: Rosa Cec\u00edlia &#8211; PST\/Col\u00f4mbia No momento em que esta nota \u00e9 escrita, Amelia Mac\u00edas Pati\u00f1o, uma mulher boyacense de 40 anos, est\u00e1 internada em um hospital de Sogamoso ap\u00f3s sofrer graves les\u00f5es em uma tentativa de feminic\u00eddio por parte de seu companheiro. Lenis Mart\u00ednez foi resgatada do sequestro cometido por seu ex-parceiro, que n\u00e3o [&hellip;]<\/div>\n        <div class=\"meta\">\n                        <a class=\"sup-category\" href=\"https:\/\/litci.org\/pt\/category\/colombia\/\">\n                Col\u00f4mbia            <\/a>\n            <p class=\"post-date\">05 de mar de 2025<\/p>\n        <\/div>\n    <\/div>\n<\/article><article class=\"unit-02\">\n    <div class='column'>\n        <a class=\"featured-image-container\" href=\"https:\/\/litci.org\/pt\/2025\/02\/07\/o-que-as-mulheres-e-minorias-sociais-podem-esperar-do-novo-governo-trump-e-como-isso-deve-impactar-no-brasil-parte-ii\/\" title=\"O que as mulheres e minorias sociais podem esperar do novo governo Trump e como isso deve impactar no Brasil \u2013 Parte II\" aria-label=\"O que as mulheres e minorias sociais podem esperar do novo governo Trump e como isso deve impactar no Brasil \u2013 Parte II\"><img decoding=\"async\" class=\"featured-image\" src=\"https:\/\/litci.org\/pt\/wp-content\/uploads\/2025\/02\/Trump-1.jpg\" load=\"lazy\" alt=\"O que as mulheres e minorias sociais podem esperar do novo governo Trump e como isso deve impactar no Brasil \u2013 Parte II\"\/><\/a>    <\/div>\n    <div class=\"column\">\n        <a href=\"https:\/\/litci.org\/pt\/2025\/02\/07\/o-que-as-mulheres-e-minorias-sociais-podem-esperar-do-novo-governo-trump-e-como-isso-deve-impactar-no-brasil-parte-ii\/\" title=\"O que as mulheres e minorias sociais podem esperar do novo governo Trump e como isso deve impactar no Brasil \u2013 Parte II\" arial-label=\"Especial 8M 2025\">\n            <h3>O que as mulheres e minorias sociais podem esperar do novo governo Trump e como isso deve impactar no Brasil \u2013 Parte II<\/h3>\n        <\/a>\n        <div class=\"excerpt\">Por: \u00c9rika Andreassy | Mal retornou \u00e0 Casa Branca e o presidente autoproclamado mais \u201cpr\u00f3-familia\u201d e \u201cpr\u00f3-vida\u201d da hist\u00f3ria do Estados Unidos j\u00e1 mostrou a que veio. A julgar pelos decretos e ordens executivas emitidos nos \u00faltimos dias, os direitos reprodutivos das mulheres e LGBTQI+ devem ser alvo de uma ofensiva com consequ\u00eancias que ultrapassam [&hellip;]<\/div>\n        <div class=\"meta\">\n                        <a class=\"sup-category\" href=\"https:\/\/litci.org\/pt\/category\/8m-2025\/\">\n                8M 2025            <\/a>\n            <p class=\"post-date\">07 de fev de 2025<\/p>\n        <\/div>\n    <\/div>\n<\/article><article class=\"unit-02\">\n    <div class='column'>\n        <a class=\"featured-image-container\" href=\"https:\/\/litci.org\/pt\/2025\/02\/07\/o-que-as-mulheres-e-minorias-sociais-podem-esperar-do-novo-governo-trump-e-como-isso-deve-impactar-no-brasil-parte-i\/\" title=\"O que as mulheres e minorias sociais podem esperar do novo governo Trump e como isso deve impactar no Brasil \u2013 Parte I\" aria-label=\"O que as mulheres e minorias sociais podem esperar do novo governo Trump e como isso deve impactar no Brasil \u2013 Parte I\"><img decoding=\"async\" class=\"featured-image\" src=\"https:\/\/litci.org\/pt\/wp-content\/uploads\/2025\/02\/Trump.jpg\" load=\"lazy\" alt=\"O que as mulheres e minorias sociais podem esperar do novo governo Trump e como isso deve impactar no Brasil \u2013 Parte I\"\/><\/a>    <\/div>\n    <div class=\"column\">\n        <a href=\"https:\/\/litci.org\/pt\/2025\/02\/07\/o-que-as-mulheres-e-minorias-sociais-podem-esperar-do-novo-governo-trump-e-como-isso-deve-impactar-no-brasil-parte-i\/\" title=\"O que as mulheres e minorias sociais podem esperar do novo governo Trump e como isso deve impactar no Brasil \u2013 Parte I\" arial-label=\"Especial 8M 2025\">\n            <h3>O que as mulheres e minorias sociais podem esperar do novo governo Trump e como isso deve impactar no Brasil \u2013 Parte I<\/h3>\n        <\/a>\n        <div class=\"excerpt\">Por: Erika Andreassy | A posse de Donald Trump como presidente dos Estados Unidos, no \u00faltimo dia 20 de janeiro, trouxe \u00e0 tona o debate sobre o futuro das mulheres e minorias sociais nos EUA. Seu discurso, marcado por uma ret\u00f3rica nacionalista e conservadora, sinalizou n\u00e3o s\u00f3 a falta de compromisso com a promo\u00e7\u00e3o da [&hellip;]<\/div>\n        <div class=\"meta\">\n                        <a class=\"sup-category\" href=\"https:\/\/litci.org\/pt\/category\/8m-2025\/\">\n                8M 2025            <\/a>\n            <p class=\"post-date\">07 de fev de 2025<\/p>\n        <\/div>\n    <\/div>\n<\/article>            <\/div>\n        <\/div>\n    <\/div>\n<\/section>\n\n\n<p><\/p>\n","protected":false},"excerpt":{"rendered":"","protected":false},"author":16,"featured_media":0,"parent":0,"menu_order":0,"comment_status":"closed","ping_status":"closed","template":"","meta":{"footnotes":""},"class_list":["post-80677","page","type-page","status-publish","hentry"],"_links":{"self":[{"href":"https:\/\/litci.org\/pt\/wp-json\/wp\/v2\/pages\/80677","targetHints":{"allow":["GET"]}}],"collection":[{"href":"https:\/\/litci.org\/pt\/wp-json\/wp\/v2\/pages"}],"about":[{"href":"https:\/\/litci.org\/pt\/wp-json\/wp\/v2\/types\/page"}],"author":[{"embeddable":true,"href":"https:\/\/litci.org\/pt\/wp-json\/wp\/v2\/users\/16"}],"replies":[{"embeddable":true,"href":"https:\/\/litci.org\/pt\/wp-json\/wp\/v2\/comments?post=80677"}],"version-history":[{"count":7,"href":"https:\/\/litci.org\/pt\/wp-json\/wp\/v2\/pages\/80677\/revisions"}],"predecessor-version":[{"id":80710,"href":"https:\/\/litci.org\/pt\/wp-json\/wp\/v2\/pages\/80677\/revisions\/80710"}],"wp:attachment":[{"href":"https:\/\/litci.org\/pt\/wp-json\/wp\/v2\/media?parent=80677"}],"curies":[{"name":"wp","href":"https:\/\/api.w.org\/{rel}","templated":true}]}}