{"id":74243,"date":"2022-08-08T16:50:28","date_gmt":"2022-08-08T16:50:28","guid":{"rendered":"https:\/\/litci.org\/pt\/?page_id=74243"},"modified":"2022-08-08T16:58:42","modified_gmt":"2022-08-08T16:58:42","slug":"apoio-a-resistencia-ucraniana-contra-a-invasao-de-putin","status":"publish","type":"page","link":"https:\/\/litci.org\/pt\/apoio-a-resistencia-ucraniana-contra-a-invasao-de-putin\/","title":{"rendered":"Apoio \u00e0 resist\u00eancia ucraniana contra a invas\u00e3o de Putin!"},"content":{"rendered":"<p>[tdc_zone type=&#8221;tdc_content&#8221; row_bg_gradient=&#8221;eyJ0eXBlIjoiZ3JhZGllbnQiLCJjb2xvcjEiOiIjZmZmZmZmIiwiY29sb3IyIjoiI2ZmZmZmZiIsIm1peGVkQ29sb3JzIjpbXSwiZGVncmVlIjoiLTkwIiwiY3NzIjoiYmFja2dyb3VuZC1jb2xvcjogI2ZmZmZmZjsiLCJjc3NQYXJhbXMiOiIwZGVnLCNmZmZmZmYsI2ZmZmZmZiJ9&#8243; tdc_css=&#8221;eyJhbGwiOnsiZGlzcGxheSI6IiJ9fQ==&#8221; row_parallax=&#8221;yes&#8221;][vc_row tdc_css=&#8221;eyJhbGwiOnsiY29udGVudC1oLWFsaWduIjoiY29udGVudC1ob3Jpei1jZW50ZXIiLCJkaXNwbGF5IjoiIn19&#8243; flex_horiz_align=&#8221;center&#8221; row_bg_gradient=&#8221;eyJ0eXBlIjoiZ3JhZGllbnQiLCJjb2xvcjEiOiIjMWMyYWJmIiwiY29sb3IyIjoiIzg3YTNiZiIsIm1peGVkQ29sb3JzIjpbXSwiY3NzIjoiYmFja2dyb3VuZDogLXdlYmtpdC1saW5lYXItZ3JhZGllbnQoMGRlZywjODdhM2JmLCMxYzJhYmYpO2JhY2tncm91bmQ6IGxpbmVhci1ncmFkaWVudCgwZGVnLCM4N2EzYmYsIzFjMmFiZik7IiwiY3NzUGFyYW1zIjoiMGRlZywjODdhM2JmLCMxYzJhYmYifQ==&#8221;][vc_column tdc_css=&#8221;eyJhbGwiOnsiYmFja2dyb3VuZC1jb2xvciI6IiMxZTczYmUiLCJkaXNwbGF5IjoiIn19&#8243;][vc_row_inner][vc_column_inner flex_horiz_align=&#8221;center&#8221; el_class=&#8221;text-center&#8221; tdc_css=&#8221;eyJhbGwiOnsibWFyZ2luLXRvcCI6IjQ1IiwibWFyZ2luLWJvdHRvbSI6IjI0IiwiY29udGVudC1oLWFsaWduIjoiY29udGVudC1ob3Jpei1jZW50ZXIiLCJkaXNwbGF5IjoiIn19&#8243;][tdm_block_inline_text tdc_css=&#8221;eyJhbGwiOnsicGFkZGluZy10b3AiOiI0IiwicGFkZGluZy1yaWdodCI6IjEyIiwicGFkZGluZy1ib3R0b20iOiI0IiwicGFkZGluZy1sZWZ0IjoiMTIiLCJib3JkZXItcmFkaXVzIjoiMjMiLCJiYWNrZ3JvdW5kLWNvbG9yIjoiIzAyMDAwMCIsImNvbnRlbnQtaC1hbGlnbiI6ImNvbnRlbnQtaG9yaXotY2VudGVyIiwiZGlzcGxheSI6IiJ9fQ==&#8221; content_align_horizontal=&#8221;content-horiz-right&#8221; description=&#8221;Q29ycmVvJTIwSW50ZXJuYWNpb25hbA==&#8221; f_descr_font_size=&#8221;14&#8243; display_inline=&#8221;yes&#8221; description_color=&#8221;#ffffff&#8221; el_class=&#8221;someborderradius&#8221;][\/vc_column_inner][\/vc_row_inner][vc_row_inner tdc_css=&#8221;eyJhbGwiOnsiY29udGVudC1oLWFsaWduIjoiY29udGVudC1ob3Jpei1jZW50ZXIiLCJkaXNwbGF5IjoiIn19&#8243;][vc_column_inner][tdm_block_inline_text description=&#8221;QXBvaW8lMjAlQzMlQTAlMjByZXNpc3QlQzMlQUFuY2lhJTIwdWNyYW5pYW5hJTIwY29udHJhJTIwYSUyMGludmFzJUMzJUEzbyUyMGRlJTIwUHV0aW4h&#8221; display_inline=&#8221;yes&#8221; f_descr_font_weight=&#8221;800&#8243; f_descr_font_transform=&#8221;uppercase&#8221; f_descr_font_size=&#8221;3.4rem&#8221; f_descr_font_line_height=&#8221;1&#8243; content_align_horizontal=&#8221;content-horiz-center&#8221; tdc_css=&#8221;eyJhbGwiOnsibWFyZ2luLXRvcCI6IjEyIiwibWFyZ2luLWJvdHRvbSI6IjM1IiwiZGlzcGxheSI6IiJ9fQ==&#8221; description_color=&#8221;#ffffff&#8221;][tdm_block_inline_text description=&#8221;TiVDMyVBM28lMjAlQzMlQTAlMjBPVEFOJTIwaW1wZXJpYWxpc3RhIQ==&#8221; f_descr_font_weight=&#8221;500&#8243; f_descr_font_transform=&#8221;uppercase&#8221; f_descr_font_size=&#8221;46&#8243; f_descr_font_line_height=&#8221;1&#8243; content_align_horizontal=&#8221;content-horiz-center&#8221; tdc_css=&#8221;eyJhbGwiOnsiZGlzcGxheSI6IiJ9fQ==&#8221; description_color=&#8221;#ffffff&#8221;][tdm_block_inline_image display_inline=&#8221;yes&#8221; tdc_css=&#8221;eyJhbGwiOnsiY29udGVudC1oLWFsaWduIjoiY29udGVudC1ob3Jpei1jZW50ZXIiLCJkaXNwbGF5IjoiIn19&#8243; media_size_image_height=&#8221;800&#8243; media_size_image_width=&#8221;800&#8243; img_width=&#8221;80%&#8221; image=&#8221;74246&#8243;][tdm_block_inline_text description=&#8221;T3MlMjB1Y3Jhbmlhbm9zJTIwZXN0JUMzJUEzbyUyMGx1dGFuZG8lMjBoZXJvaWNhbWVudGUlMjBjb250cmElMjBhJTIwaW52YXMlQzMlQTNvJTIwb3JkZW5hZGElMjBwZWxvJTIwcmVnaW1lJTIwZGUlMjBQdXRpbiUyMGUlMjBhcyUyMGF0cm9jaWRhZGVzJTIwcXVlJTIwZXN0JUMzJUExJTIwY29tZXRlbmRvJTIwbmElMjBVY3IlQzMlQTJuaWEuJTIwRWxlcyUyMGolQzMlQTElMjBsaGUlMjBpbmZsaWdpcmFtJTIwZGVycm90YXMlMjBzaWduaWZpY2F0aXZhcy4lMjBNb3N0cmFyYW0lMjBxdWUlMjBhJTIwbSVDMyVBMXF1aW5hJTIwZGUlMjBndWVycmElMjBydXNzYSUyMHBvZGUlMjBzZXIlMjBkZXJyb3RhZGElMjBlJTJDJTIwYXNzaW0lMkMlMjBkZXJyb3RhciUyMHVtJTIwZ3JhbmRlJTIwY29sYWJvcmFkb3IlMjBkYSUyMGNvbnRyYXJyZXZvbHUlQzMlQTclQzMlQTNvJTIwbm8lMjBtdW5kby4lMEElMEFQb3J0YW50byUyQyUyMGElMjBsdXRhJTIwZG8lMjBwb3ZvJTIwdWNyYW5pYW5vJTIwbiVDMyVBM28lMjAlQzMlQTklMjBhcGVuYXMlMjBwZWxvJTIwc2V1JTIwcGElQzMlQURzLiUyMEElMjBkZXJyb3RhJTIwZG8lMjByZWdpbWUlMjBkZSUyMFB1dGluJTIwbmVzdGElMjBpbnZhcyVDMyVBM28lMjBkYXJpYSUyMHVtJTIwZ3JhbmRlJTIwaW1wdWxzbyUyMCVDMyVBMCUyMGx1dGElMjBkb3MlMjB0cmFiYWxoYWRvcmVzJTIwZSUyMGRhcyUyMG1hc3NhcyUyMG5hJTIwcmVnaSVDMyVBM28lMjBlJTIwZW0lMjB0b2RvJTIwbyUyMG11bmRvLiUyMEVzdGElMjAlQzMlQTklMjBob2plJTIwYSUyMGx1dGElMjBkZSUyMHRvZG9zJTIwb3MlMjB0cmFiYWxoYWRvcmVzJTIwZG8lMjBtdW5kby4=&#8221; tdc_css=&#8221;eyJhbGwiOnsicGFkZGluZy1yaWdodCI6IjE1JSIsInBhZGRpbmctYm90dG9tIjoiMjUiLCJwYWRkaW5nLWxlZnQiOiIxNSUiLCJkaXNwbGF5IjoiIn19&#8243; display_inline=&#8221;yes&#8221; description_color=&#8221;#ffffff&#8221;][\/vc_column_inner][\/vc_row_inner][tdm_block_button button_text=&#8221;Download&#8221; button_size=&#8221;tdm-btn-lg&#8221; button_display=&#8221;tdm-block-button-inline&#8221; tdc_css=&#8221;eyJhbGwiOnsibWFyZ2luLXRvcCI6IjE1IiwibWFyZ2luLWJvdHRvbSI6IjM1IiwiZGlzcGxheSI6IiJ9fQ==&#8221; tds_button1-background_color=&#8221;#eeee22&#8243; tds_button1-text_color=&#8221;#341edb&#8221; tds_button=&#8221;tds_button1&#8243; button_url=&#8221;https:\/\/litci.org\/pt-old\/wp-content\/uploads\/2022\/04\/CI25_Ucrania_PT.pdf&#8221; tds_button1-border_radius=&#8221;25&#8243;][vc_row_inner][vc_column_inner][\/vc_column_inner][\/vc_row_inner][\/vc_column][\/vc_row][\/tdc_zone]<\/p>\n","protected":false},"excerpt":{"rendered":"<p>[tdc_zone type=&#8221;tdc_content&#8221; row_bg_gradient=&#8221;eyJ0eXBlIjoiZ3JhZGllbnQiLCJjb2xvcjEiOiIjZmZmZmZmIiwiY29sb3IyIjoiI2ZmZmZmZiIsIm1peGVkQ29sb3JzIjpbXSwiZGVncmVlIjoiLTkwIiwiY3NzIjoiYmFja2dyb3VuZC1jb2xvcjogI2ZmZmZmZjsiLCJjc3NQYXJhbXMiOiIwZGVnLCNmZmZmZmYsI2ZmZmZmZiJ9&#8243; tdc_css=&#8221;eyJhbGwiOnsiZGlzcGxheSI6IiJ9fQ==&#8221; row_parallax=&#8221;yes&#8221;][vc_row tdc_css=&#8221;eyJhbGwiOnsiY29udGVudC1oLWFsaWduIjoiY29udGVudC1ob3Jpei1jZW50ZXIiLCJkaXNwbGF5IjoiIn19&#8243; flex_horiz_align=&#8221;center&#8221; row_bg_gradient=&#8221;eyJ0eXBlIjoiZ3JhZGllbnQiLCJjb2xvcjEiOiIjMWMyYWJmIiwiY29sb3IyIjoiIzg3YTNiZiIsIm1peGVkQ29sb3JzIjpbXSwiY3NzIjoiYmFja2dyb3VuZDogLXdlYmtpdC1saW5lYXItZ3JhZGllbnQoMGRlZywjODdhM2JmLCMxYzJhYmYpO2JhY2tncm91bmQ6IGxpbmVhci1ncmFkaWVudCgwZGVnLCM4N2EzYmYsIzFjMmFiZik7IiwiY3NzUGFyYW1zIjoiMGRlZywjODdhM2JmLCMxYzJhYmYifQ==&#8221;][vc_column tdc_css=&#8221;eyJhbGwiOnsiYmFja2dyb3VuZC1jb2xvciI6IiMxZTczYmUiLCJkaXNwbGF5IjoiIn19&#8243;][vc_row_inner][vc_column_inner flex_horiz_align=&#8221;center&#8221; el_class=&#8221;text-center&#8221; tdc_css=&#8221;eyJhbGwiOnsibWFyZ2luLXRvcCI6IjQ1IiwibWFyZ2luLWJvdHRvbSI6IjI0IiwiY29udGVudC1oLWFsaWduIjoiY29udGVudC1ob3Jpei1jZW50ZXIiLCJkaXNwbGF5IjoiIn19&#8243;][tdm_block_inline_text tdc_css=&#8221;eyJhbGwiOnsicGFkZGluZy10b3AiOiI0IiwicGFkZGluZy1yaWdodCI6IjEyIiwicGFkZGluZy1ib3R0b20iOiI0IiwicGFkZGluZy1sZWZ0IjoiMTIiLCJib3JkZXItcmFkaXVzIjoiMjMiLCJiYWNrZ3JvdW5kLWNvbG9yIjoiIzAyMDAwMCIsImNvbnRlbnQtaC1hbGlnbiI6ImNvbnRlbnQtaG9yaXotY2VudGVyIiwiZGlzcGxheSI6IiJ9fQ==&#8221; content_align_horizontal=&#8221;content-horiz-right&#8221; description=&#8221;Q29ycmVvJTIwSW50ZXJuYWNpb25hbA==&#8221; f_descr_font_size=&#8221;14&#8243; display_inline=&#8221;yes&#8221; description_color=&#8221;#ffffff&#8221; el_class=&#8221;someborderradius&#8221;][\/vc_column_inner][\/vc_row_inner][vc_row_inner tdc_css=&#8221;eyJhbGwiOnsiY29udGVudC1oLWFsaWduIjoiY29udGVudC1ob3Jpei1jZW50ZXIiLCJkaXNwbGF5IjoiIn19&#8243;][vc_column_inner][tdm_block_inline_text description=&#8221;QXBvaW8lMjAlQzMlQTAlMjByZXNpc3QlQzMlQUFuY2lhJTIwdWNyYW5pYW5hJTIwY29udHJhJTIwYSUyMGludmFzJUMzJUEzbyUyMGRlJTIwUHV0aW4h&#8221; display_inline=&#8221;yes&#8221; f_descr_font_weight=&#8221;800&#8243; f_descr_font_transform=&#8221;uppercase&#8221; f_descr_font_size=&#8221;3.4rem&#8221; f_descr_font_line_height=&#8221;1&#8243; content_align_horizontal=&#8221;content-horiz-center&#8221; tdc_css=&#8221;eyJhbGwiOnsibWFyZ2luLXRvcCI6IjEyIiwibWFyZ2luLWJvdHRvbSI6IjM1IiwiZGlzcGxheSI6IiJ9fQ==&#8221; description_color=&#8221;#ffffff&#8221;][tdm_block_inline_text description=&#8221;TiVDMyVBM28lMjAlQzMlQTAlMjBPVEFOJTIwaW1wZXJpYWxpc3RhIQ==&#8221; f_descr_font_weight=&#8221;500&#8243; f_descr_font_transform=&#8221;uppercase&#8221; f_descr_font_size=&#8221;46&#8243; f_descr_font_line_height=&#8221;1&#8243; content_align_horizontal=&#8221;content-horiz-center&#8221; tdc_css=&#8221;eyJhbGwiOnsiZGlzcGxheSI6IiJ9fQ==&#8221; description_color=&#8221;#ffffff&#8221;][tdm_block_inline_image display_inline=&#8221;yes&#8221; tdc_css=&#8221;eyJhbGwiOnsiY29udGVudC1oLWFsaWduIjoiY29udGVudC1ob3Jpei1jZW50ZXIiLCJkaXNwbGF5IjoiIn19&#8243; media_size_image_height=&#8221;800&#8243; media_size_image_width=&#8221;800&#8243; img_width=&#8221;80%&#8221; image=&#8221;74246&#8243;][tdm_block_inline_text description=&#8221;T3MlMjB1Y3Jhbmlhbm9zJTIwZXN0JUMzJUEzbyUyMGx1dGFuZG8lMjBoZXJvaWNhbWVudGUlMjBjb250cmElMjBhJTIwaW52YXMlQzMlQTNvJTIwb3JkZW5hZGElMjBwZWxvJTIwcmVnaW1lJTIwZGUlMjBQdXRpbiUyMGUlMjBhcyUyMGF0cm9jaWRhZGVzJTIwcXVlJTIwZXN0JUMzJUExJTIwY29tZXRlbmRvJTIwbmElMjBVY3IlQzMlQTJuaWEuJTIwRWxlcyUyMGolQzMlQTElMjBsaGUlMjBpbmZsaWdpcmFtJTIwZGVycm90YXMlMjBzaWduaWZpY2F0aXZhcy4lMjBNb3N0cmFyYW0lMjBxdWUlMjBhJTIwbSVDMyVBMXF1aW5hJTIwZGUlMjBndWVycmElMjBydXNzYSUyMHBvZGUlMjBzZXIlMjBkZXJyb3RhZGElMjBlJTJDJTIwYXNzaW0lMkMlMjBkZXJyb3RhciUyMHVtJTIwZ3JhbmRlJTIwY29sYWJvcmFkb3IlMjBkYSUyMGNvbnRyYXJyZXZvbHUlQzMlQTclQzMlQTNvJTIwbm8lMjBtdW5kby4lMEElMEFQb3J0YW50byUyQyUyMGElMjBsdXRhJTIwZG8lMjBwb3ZvJTIwdWNyYW5pYW5vJTIwbiVDMyVBM28lMjAlQzMlQTklMjBhcGVuYXMlMjBwZWxvJTIwc2V1JTIwcGElQzMlQURzLiUyMEElMjBkZXJyb3RhJTIwZG8lMjByZWdpbWUlMjBkZSUyMFB1dGluJTIwbmVzdGElMjBpbnZhcyVDMyVBM28lMjBkYXJpYSUyMHVtJTIwZ3JhbmRlJTIwaW1wdWxzbyUyMCVDMyVBMCUyMGx1dGElMjBkb3MlMjB0cmFiYWxoYWRvcmVzJTIwZSUyMGRhcyUyMG1hc3NhcyUyMG5hJTIwcmVnaSVDMyVBM28lMjBlJTIwZW0lMjB0b2RvJTIwbyUyMG11bmRvLiUyMEVzdGElMjAlQzMlQTklMjBob2plJTIwYSUyMGx1dGElMjBkZSUyMHRvZG9zJTIwb3MlMjB0cmFiYWxoYWRvcmVzJTIwZG8lMjBtdW5kby4=&#8221; tdc_css=&#8221;eyJhbGwiOnsicGFkZGluZy1yaWdodCI6IjE1JSIsInBhZGRpbmctYm90dG9tIjoiMjUiLCJwYWRkaW5nLWxlZnQiOiIxNSUiLCJkaXNwbGF5IjoiIn19&#8243; display_inline=&#8221;yes&#8221; description_color=&#8221;#ffffff&#8221;][\/vc_column_inner][\/vc_row_inner][tdm_block_button button_text=&#8221;Download&#8221; button_size=&#8221;tdm-btn-lg&#8221; button_display=&#8221;tdm-block-button-inline&#8221; tdc_css=&#8221;eyJhbGwiOnsibWFyZ2luLXRvcCI6IjE1IiwibWFyZ2luLWJvdHRvbSI6IjM1IiwiZGlzcGxheSI6IiJ9fQ==&#8221; tds_button1-background_color=&#8221;#eeee22&#8243; tds_button1-text_color=&#8221;#341edb&#8221; tds_button=&#8221;tds_button1&#8243; button_url=&#8221;https:\/\/litci.org\/pt-old\/wp-content\/uploads\/2022\/04\/CI25_Ucrania_PT.pdf&#8221; [&hellip;]<\/p>\n","protected":false},"author":13,"featured_media":0,"parent":0,"menu_order":0,"comment_status":"closed","ping_status":"closed","template":"","meta":{"footnotes":""},"class_list":["post-74243","page","type-page","status-publish","hentry"],"_links":{"self":[{"href":"https:\/\/litci.org\/pt\/wp-json\/wp\/v2\/pages\/74243","targetHints":{"allow":["GET"]}}],"collection":[{"href":"https:\/\/litci.org\/pt\/wp-json\/wp\/v2\/pages"}],"about":[{"href":"https:\/\/litci.org\/pt\/wp-json\/wp\/v2\/types\/page"}],"author":[{"embeddable":true,"href":"https:\/\/litci.org\/pt\/wp-json\/wp\/v2\/users\/13"}],"replies":[{"embeddable":true,"href":"https:\/\/litci.org\/pt\/wp-json\/wp\/v2\/comments?post=74243"}],"version-history":[{"count":4,"href":"https:\/\/litci.org\/pt\/wp-json\/wp\/v2\/pages\/74243\/revisions"}],"predecessor-version":[{"id":74249,"href":"https:\/\/litci.org\/pt\/wp-json\/wp\/v2\/pages\/74243\/revisions\/74249"}],"wp:attachment":[{"href":"https:\/\/litci.org\/pt\/wp-json\/wp\/v2\/media?parent=74243"}],"curies":[{"name":"wp","href":"https:\/\/api.w.org\/{rel}","templated":true}]}}