{"id":79371,"date":"2025-03-05T12:36:35","date_gmt":"2025-03-05T12:36:35","guid":{"rendered":"https:\/\/litci.org\/es\/?page_id=79371"},"modified":"2025-03-05T23:21:11","modified_gmt":"2025-03-05T23:21:11","slug":"8m-especial-25","status":"publish","type":"page","link":"https:\/\/litci.org\/es\/8m-especial-25\/","title":{"rendered":"8M Especial.25"},"content":{"rendered":"\n<a href=\"https:\/\/litci.org\/es\/8m-especial-25\/\" target=\"_blank\" style=\"margin: 24px auto; border-radius:8px; overflow:hidden; max-width:1280px\"><img data-recalc-dims=\"1\" decoding=\"async\" style=\"height:100%; width:100%\" src=\"https:\/\/i0.wp.com\/litci.org\/es\/wp-content\/uploads\/2025\/03\/8m2025_banner_topo_es.jpg\"\/><\/a>\n\n\n<section style=\"background-color:\n    inherit\"\n    class=\"\">\n    <div class=\"block-01\">\n        <div class=\"container\">\n            <article class=\"unit-01\">\n    <div class='column'>\n                <span class=\"sup-category mobile\">8M Especial25<\/span>\n        <a href=\"https:\/\/litci.org\/es\/8m-contra-los-ataques-de-los-gobiernos-y-la-ultraderecha-mundial-independencia-de-clase-y-solidaridad-internacional\/\" class=\"mobile\" title=\"Declaraci\u00f3n 8M: \u00a1Contra los ataques de los gobiernos y la ultraderecha mundial, independencia de clase y solidaridad internacional!\" arial-label=\"8M Especial.25\">\n            <h2>Declaraci\u00f3n 8M: \u00a1Contra los ataques de los gobiernos y la ultraderecha mundial, independencia de clase y solidaridad internacional!<\/h2>\n        <\/a>\n        <a class=\"featured-image-container\" href=\"https:\/\/litci.org\/es\/8m-contra-los-ataques-de-los-gobiernos-y-la-ultraderecha-mundial-independencia-de-clase-y-solidaridad-internacional\/\" title=\"Declaraci\u00f3n 8M: \u00a1Contra los ataques de los gobiernos y la ultraderecha mundial, independencia de clase y solidaridad internacional!\" aria-label=\"Declaraci\u00f3n 8M: \u00a1Contra los ataques de los gobiernos y la ultraderecha mundial, independencia de clase y solidaridad internacional!\"><img decoding=\"async\" class=\"featured-image\" src=\"https:\/\/i0.wp.com\/litci.org\/es\/wp-content\/uploads\/2021\/03\/mujeres.jpg?fit=863%2C486&#038;ssl=1\" load=\"lazy\" alt=\"Declaraci\u00f3n 8M: \u00a1Contra los ataques de los gobiernos y la ultraderecha mundial, independencia de clase y solidaridad internacional!\"\/><\/a>    <\/div>\n    <div class=\"column va-center\">\n        <a href=\"https:\/\/litci.org\/es\/8m-contra-los-ataques-de-los-gobiernos-y-la-ultraderecha-mundial-independencia-de-clase-y-solidaridad-internacional\/\" class=\"desktop\" title=\"Declaraci\u00f3n 8M: \u00a1Contra los ataques de los gobiernos y la ultraderecha mundial, independencia de clase y solidaridad internacional!\" arial-label=\"8M Especial.25\">\n            <h2>Declaraci\u00f3n 8M: \u00a1Contra los ataques de los gobiernos y la ultraderecha mundial, independencia de clase y solidaridad internacional!<\/h2>\n        <\/a>\n        <p>El 8 de marzo, D\u00eda Internacional de la Mujer trabajadora, denunciamos la brutalidad del capitalismo en su fase de decadencia, que profundiza la explotaci\u00f3n, la miseria y la violencia contra la clase trabajadora y sus sectores oprimidos. Las mujeres trabajadoras, especialmente las m\u00e1s pobres,&nbsp; migrantes y racializadas, son las primeras en sentir el peso de [&hellip;]<\/p>\n        <div class=\"meta\">\n            <a class=\"sup-category desktop\" href=\"https:\/\/litci.org\/es\/category\/especial\/8m25\/\">8M Especial25<\/a>\n            <p class=\"post-date\">05 de mar de 2025<\/p>\n        <\/div>\n<\/article>        <\/div>\n    <\/div>\n<\/section>\n\n<section style=\"background-color:\n    inherit\" class=\"\">\n    <div class=\"container\">\n        <div class=\"column\">\n            <div class=\"block-header\">\n                                    <h3>Hist\u00f3ria<\/h3>\n                            <\/div>\n            <div class=\"block-02\">\n                <article class=\"unit-02\">\n    <div class='column'>\n        <a class=\"featured-image-container\" href=\"https:\/\/litci.org\/es\/8m-origenque-lecciones-podemos-extraer-hoy-dia\/\" title=\"8M: \u00bfCual es su origen?\u00bfQu\u00e9 lecciones podemos extraer hoy d\u00eda?\" aria-label=\"8M: \u00bfCual es su origen?\u00bfQu\u00e9 lecciones podemos extraer hoy d\u00eda?\"><img decoding=\"async\" class=\"featured-image\" src=\"https:\/\/i0.wp.com\/litci.org\/es\/wp-content\/uploads\/2018\/02\/1917-Petrograd.-Fototeca-Storica-Nazionale.jpg?fit=1024%2C614&#038;ssl=1\" load=\"lazy\" alt=\"8M: \u00bfCual es su origen?\u00bfQu\u00e9 lecciones podemos extraer hoy d\u00eda?\"\/><\/a>    <\/div>\n    <div class=\"column\">\n        <a href=\"https:\/\/litci.org\/es\/8m-origenque-lecciones-podemos-extraer-hoy-dia\/\" title=\"8M: \u00bfCual es su origen?\u00bfQu\u00e9 lecciones podemos extraer hoy d\u00eda?\" arial-label=\"8M Especial.25\">\n            <h3>8M: \u00bfCual es su origen?\u00bfQu\u00e9 lecciones podemos extraer hoy d\u00eda?<\/h3>\n        <\/a>\n        <div class=\"excerpt\">El 8 de Marzo viene celebr\u00e1ndose desde hace m\u00e1s de cien a\u00f1os. Pero lo cierto es que el origen de esta fecha es motivo de controversia, porque muchos de los hechos que dieron lugar a ella han sido olvidados, distorsionados o maquillados.<\/div>\n        <div class=\"meta\">\n                        <a class=\"sup-category\" href=\"https:\/\/litci.org\/es\/category\/especial\/8m25\/\">\n                8M Especial25            <\/a>\n            <p class=\"post-date\">09 de fev de 2018<\/p>\n        <\/div>\n    <\/div>\n<\/article><article class=\"unit-02\">\n    <div class='column'>\n        <a class=\"featured-image-container\" href=\"https:\/\/litci.org\/es\/8m-polemicas-acerca-de-esta-fecha\/\" title=\"8M | Pol\u00e9micas acerca de esta fecha\" aria-label=\"8M | Pol\u00e9micas acerca de esta fecha\"><img decoding=\"async\" class=\"featured-image\" src=\"https:\/\/i0.wp.com\/litci.org\/es\/wp-content\/uploads\/2021\/03\/asamblea-mujer.jpg?fit=760%2C460&#038;ssl=1\" load=\"lazy\" alt=\"8M | Pol\u00e9micas acerca de esta fecha\"\/><\/a>    <\/div>\n    <div class=\"column\">\n        <a href=\"https:\/\/litci.org\/es\/8m-polemicas-acerca-de-esta-fecha\/\" title=\"8M | Pol\u00e9micas acerca de esta fecha\" arial-label=\"8M Especial.25\">\n            <h3>8M | Pol\u00e9micas acerca de esta fecha<\/h3>\n        <\/a>\n        <div class=\"excerpt\">Una serie de pol\u00e9micas rodean esta fecha, una de ellas tiene que ver con el origen del 8 de marzo.\u00a0Durante muchos a\u00f1os, siguiendo la historiograf\u00eda espa\u00f1ola, se asoci\u00f3 esta fecha a un incendi\u00f3 provocado por el due\u00f1o de la f\u00e1brica textil Cotton de Nueva York, que habr\u00eda ocurrido el 8 de marzo de 1908, donde [&hellip;]<\/div>\n        <div class=\"meta\">\n                        <a class=\"sup-category\" href=\"https:\/\/litci.org\/es\/category\/especial\/8m-2021\/\">\n                8M 2021            <\/a>\n            <p class=\"post-date\">07 de mar de 2021<\/p>\n        <\/div>\n    <\/div>\n<\/article><article class=\"unit-02\">\n    <div class='column'>\n        <a class=\"featured-image-container\" href=\"https:\/\/litci.org\/es\/el-origen-del-8-de-marzo\/\" title=\"El origen del 8 de marzo\" aria-label=\"El origen del 8 de marzo\"><img decoding=\"async\" class=\"featured-image\" src=\"https:\/\/i0.wp.com\/litci.org\/es\/wp-content\/uploads\/2025\/03\/trabajadores-rusas-8m.jpg?fit=800%2C400&#038;ssl=1\" load=\"lazy\" alt=\"El origen del 8 de marzo\"\/><\/a>    <\/div>\n    <div class=\"column\">\n        <a href=\"https:\/\/litci.org\/es\/el-origen-del-8-de-marzo\/\" title=\"El origen del 8 de marzo\" arial-label=\"8M Especial.25\">\n            <h3>El origen del 8 de marzo<\/h3>\n        <\/a>\n        <div class=\"excerpt\">El origen del D\u00eda de la Mujer Trabajadora est\u00e1 atravesado por hitos importantes en la historia del siglo XX, como la Primera Guerra Mundial, la lucha internacional por el voto femenino, el auge del sindicalismo en Estados Unidos y Europa, y, en especial, la Revoluci\u00f3n Rusa. El primer antecedente del 8 de marzo se encuentra [&hellip;]<\/div>\n        <div class=\"meta\">\n                        <a class=\"sup-category\" href=\"https:\/\/litci.org\/es\/category\/especial\/8m25\/\">\n                8M Especial25            <\/a>\n            <p class=\"post-date\">05 de mar de 2025<\/p>\n        <\/div>\n    <\/div>\n<\/article>            <\/div>\n        <\/div>\n    <\/div>\n<\/section>\n\n<section style=\"background-color:\n    inherit\" class=\"\">\n    <div class=\"container\">\n        <div class=\"column\">\n            <div class=\"block-header\">\n                                    <h3>Actualidad<\/h3>\n                            <\/div>\n            <div class=\"block-02\">\n                <article class=\"unit-02\">\n    <div class='column'>\n        <a class=\"featured-image-container\" href=\"https:\/\/litci.org\/es\/8m-contra-la-violencia-machista-la-ultraderecha-y-la-barbarie-capitalista-depuracion-del-sistema-judicial-de-machismo-y-franquismo\/\" title=\"8M: \u00a1Contra la violencia machista, la ultraderecha y la barbarie capitalista! \u00a1Depuraci\u00f3n del sistema judicial de machismo y franquismo!\" aria-label=\"8M: \u00a1Contra la violencia machista, la ultraderecha y la barbarie capitalista! \u00a1Depuraci\u00f3n del sistema judicial de machismo y franquismo!\"><img decoding=\"async\" class=\"featured-image\" src=\"https:\/\/i0.wp.com\/litci.org\/es\/wp-content\/uploads\/2025\/03\/8m-europe.webp?fit=1024%2C576&#038;ssl=1\" load=\"lazy\" alt=\"8M: \u00a1Contra la violencia machista, la ultraderecha y la barbarie capitalista! \u00a1Depuraci\u00f3n del sistema judicial de machismo y franquismo!\"\/><\/a>    <\/div>\n    <div class=\"column\">\n        <a href=\"https:\/\/litci.org\/es\/8m-contra-la-violencia-machista-la-ultraderecha-y-la-barbarie-capitalista-depuracion-del-sistema-judicial-de-machismo-y-franquismo\/\" title=\"8M: \u00a1Contra la violencia machista, la ultraderecha y la barbarie capitalista! \u00a1Depuraci\u00f3n del sistema judicial de machismo y franquismo!\" arial-label=\"8M Especial.25\">\n            <h3>8M: \u00a1Contra la violencia machista, la ultraderecha y la barbarie capitalista! \u00a1Depuraci\u00f3n del sistema judicial de machismo y franquismo!<\/h3>\n        <\/a>\n        <div class=\"excerpt\">Asistimos a una nueva jornada del 8M preocupadas por el ascenso de la ultraderecha en el mundo, que, capitaneada por las brutales medidas que est\u00e1 llevando a cabo Trump y su equipo de gobierno, se siente fuerte para lanzar sus ataques y su discurso de odio sobre las mujeres y el conjunto de los oprimidos. [&hellip;]<\/div>\n        <div class=\"meta\">\n                        <a class=\"sup-category\" href=\"https:\/\/litci.org\/es\/category\/mundo\/europa\/estado-espanol\/\">\n                Estado Espa\u00f1ol            <\/a>\n            <p class=\"post-date\">05 de mar de 2025<\/p>\n        <\/div>\n    <\/div>\n<\/article><article class=\"unit-02\">\n    <div class='column'>\n        <a class=\"featured-image-container\" href=\"https:\/\/litci.org\/es\/a-tres-anos-de-la-sentencia-causa-justa-la-lucha-por-el-aborto-legal-debe-continuar\/\" title=\"A tres a\u00f1os de la sentencia Causa Justa, la lucha por el aborto legal debe continuar\" aria-label=\"A tres a\u00f1os de la sentencia Causa Justa, la lucha por el aborto legal debe continuar\"><img decoding=\"async\" class=\"featured-image\" src=\"https:\/\/i0.wp.com\/litci.org\/es\/wp-content\/uploads\/2025\/03\/causa-justa-colombia.jpg?fit=1024%2C683&#038;ssl=1\" load=\"lazy\" alt=\"A tres a\u00f1os de la sentencia Causa Justa, la lucha por el aborto legal debe continuar\"\/><\/a>    <\/div>\n    <div class=\"column\">\n        <a href=\"https:\/\/litci.org\/es\/a-tres-anos-de-la-sentencia-causa-justa-la-lucha-por-el-aborto-legal-debe-continuar\/\" title=\"A tres a\u00f1os de la sentencia Causa Justa, la lucha por el aborto legal debe continuar\" arial-label=\"8M Especial.25\">\n            <h3>A tres a\u00f1os de la sentencia Causa Justa, la lucha por el aborto legal debe continuar<\/h3>\n        <\/a>\n        <div class=\"excerpt\">M. Houghton &#8211; M\u00e9dica ginec\u00f3loga y obstetra por el derecho a decidir Hace tres a\u00f1os, el 22 de febrero de 2022, el movimiento de mujeres celebr\u00f3 un hito en la historia de los derechos sexuales y reproductivos en Colombia y el mundo. La Corte Constitucional colombiana despenaliz\u00f3 totalmente el aborto hasta las 24 semanas y [&hellip;]<\/div>\n        <div class=\"meta\">\n                        <a class=\"sup-category\" href=\"https:\/\/litci.org\/es\/category\/especial\/8m25\/\">\n                8M Especial25            <\/a>\n            <p class=\"post-date\">05 de mar de 2025<\/p>\n        <\/div>\n    <\/div>\n<\/article><article class=\"unit-02\">\n    <div class='column'>\n        <a class=\"featured-image-container\" href=\"https:\/\/litci.org\/es\/la-violencia-no-cesa\/\" title=\"La violencia no cesa\" aria-label=\"La violencia no cesa\"><img decoding=\"async\" class=\"featured-image\" src=\"https:\/\/i0.wp.com\/litci.org\/es\/wp-content\/uploads\/2025\/03\/mujetes_lationamerica_8m2025.jpg?fit=1024%2C576&#038;ssl=1\" load=\"lazy\" alt=\"La violencia no cesa\"\/><\/a>    <\/div>\n    <div class=\"column\">\n        <a href=\"https:\/\/litci.org\/es\/la-violencia-no-cesa\/\" title=\"La violencia no cesa\" arial-label=\"8M Especial.25\">\n            <h3>La violencia no cesa<\/h3>\n        <\/a>\n        <div class=\"excerpt\">Al momento de escribir esta nota, Amelia Mac\u00edas Pati\u00f1o, una mujer boyacense de 40 a\u00f1os, se encuentra internada en un hospital de Sogamoso tras haber sufrido graves lesiones en un intento de feminicidio por parte de su pareja. Lenis Mart\u00ednez fue rescatada del secuestro perpetrado por su expareja, quien no solo la someti\u00f3 a maltratos, [&hellip;]<\/div>\n        <div class=\"meta\">\n                        <a class=\"sup-category\" href=\"https:\/\/litci.org\/es\/category\/especial\/8m25\/\">\n                8M Especial25            <\/a>\n            <p class=\"post-date\">05 de mar de 2025<\/p>\n        <\/div>\n    <\/div>\n<\/article>            <\/div>\n        <\/div>\n    <\/div>\n<\/section>\n\n\n<p><\/p>\n","protected":false},"excerpt":{"rendered":"","protected":false},"author":14,"featured_media":79372,"parent":0,"menu_order":0,"comment_status":"closed","ping_status":"closed","template":"","meta":{"jetpack_post_was_ever_published":false,"footnotes":""},"class_list":["post-79371","page","type-page","status-publish","has-post-thumbnail","hentry"],"jetpack_sharing_enabled":true,"_links":{"self":[{"href":"https:\/\/litci.org\/es\/wp-json\/wp\/v2\/pages\/79371","targetHints":{"allow":["GET"]}}],"collection":[{"href":"https:\/\/litci.org\/es\/wp-json\/wp\/v2\/pages"}],"about":[{"href":"https:\/\/litci.org\/es\/wp-json\/wp\/v2\/types\/page"}],"author":[{"embeddable":true,"href":"https:\/\/litci.org\/es\/wp-json\/wp\/v2\/users\/14"}],"replies":[{"embeddable":true,"href":"https:\/\/litci.org\/es\/wp-json\/wp\/v2\/comments?post=79371"}],"version-history":[{"count":6,"href":"https:\/\/litci.org\/es\/wp-json\/wp\/v2\/pages\/79371\/revisions"}],"predecessor-version":[{"id":79433,"href":"https:\/\/litci.org\/es\/wp-json\/wp\/v2\/pages\/79371\/revisions\/79433"}],"wp:featuredmedia":[{"embeddable":true,"href":"https:\/\/litci.org\/es\/wp-json\/wp\/v2\/media\/79372"}],"wp:attachment":[{"href":"https:\/\/litci.org\/es\/wp-json\/wp\/v2\/media?parent=79371"}],"curies":[{"name":"wp","href":"https:\/\/api.w.org\/{rel}","templated":true}]}}