{"id":67509,"date":"2021-11-09T00:53:30","date_gmt":"2021-11-09T00:53:30","guid":{"rendered":"https:\/\/litci.org\/es\/?page_id=67509"},"modified":"2021-12-16T18:49:56","modified_gmt":"2021-12-16T18:49:56","slug":"30-anos-disolucion-de-la-urss","status":"publish","type":"page","link":"https:\/\/litci.org\/es\/30-anos-disolucion-de-la-urss\/","title":{"rendered":"30 a\u00f1os de su disoluci\u00f3n: \u00bfQu\u00e9 pas\u00f3 con la URSS?"},"content":{"rendered":"<p>[vc_row css=\u00bb.vc_custom_1639200063153{background-image: url(https:\/\/litci.org\/es\/wp-content\/uploads\/2021\/12\/bg-linea-tiempo.jpg?id=68000) !important;}\u00bb][vc_column][vc_row_inner el_id=\u00bblogo\u00bb][vc_column_inner][vc_column_text el_id=\u00bblogo\u00bb]<img data-recalc-dims=\"1\" loading=\"lazy\" decoding=\"async\" class=\"wp-image-68001 size-medium aligncenter\" src=\"https:\/\/i0.wp.com\/litci.org\/es\/wp-content\/uploads\/2021\/12\/logo-es-300x193.png?resize=300%2C193&#038;ssl=1\" alt=\"\" width=\"300\" height=\"193\" srcset=\"https:\/\/i0.wp.com\/litci.org\/es\/wp-content\/uploads\/2021\/12\/logo-es.png?resize=300%2C194&amp;ssl=1 300w, https:\/\/i0.wp.com\/litci.org\/es\/wp-content\/uploads\/2021\/12\/logo-es.png?resize=341%2C220&amp;ssl=1 341w, https:\/\/i0.wp.com\/litci.org\/es\/wp-content\/uploads\/2021\/12\/logo-es.png?w=474&amp;ssl=1 474w\" sizes=\"auto, (max-width: 300px) 100vw, 300px\" \/>[\/vc_column_text][\/vc_column_inner][\/vc_row_inner][vc_row_inner][vc_column_inner][vc_video link=\u00bbhttps:\/\/www.youtube.com\/watch?v=hJXGk5SZiAY\u00bb align=\u00bbcenter\u00bb el_id=\u00bbvideo-intro\u00bb][\/vc_column_inner][\/vc_row_inner][\/vc_column][\/vc_row][vc_row css=\u00bb.vc_custom_1636419269401{background-color: #eef4d0 !important;}\u00bb][vc_column][vc_row_inner][vc_column_inner][vc_posts_slider type=\u00bbflexslider_slide\u00bb count=\u00bb2&#8243; interval=\u00bb3&#8243; slides_content=\u00bbteaser\u00bb slides_title=\u00bb1&#8243; thumb_size=\u00bbfull\u00bb posttypes=\u00bbpost\u00bb categories=\u00bbespecial-urss\u00bb el_id=\u00bbslider-articles\u00bb][\/vc_column_inner][\/vc_row_inner][vc_row_inner css=\u00bb.vc_custom_1639201808573{background-image: url(https:\/\/litci.org\/es\/wp-content\/uploads\/2021\/12\/bg-linea-tiempo.jpg?id=68000) !important;}\u00bb][vc_column_inner][vc_empty_space][vc_column_text]<\/p>\n<h2 style=\"text-align: center;\"><span style=\"color: #ffcc00;\"><strong>Actualizaci\u00f3n diaria<\/strong><\/span><\/h2>\n<h4 style=\"text-align: center;\"><span style=\"color: #ffffff;\"><strong>A partir de hoy, cada d\u00eda realizaremos una nueva publicaci\u00f3n en este especial<\/strong><\/span><\/h4>\n<p>[\/vc_column_text][vc_empty_space][td_block_12 category_id=\u00bb17082&#8243; limit=\u00bb\u00bb tdc_css=\u00bb\u00bb][\/vc_column_inner][\/vc_row_inner][\/vc_column][\/vc_row]<\/p>\n","protected":false},"excerpt":{"rendered":"<p>[vc_row css=\u00bb.vc_custom_1639200063153{background-image: url(https:\/\/litci.org\/es\/wp-content\/uploads\/2021\/12\/bg-linea-tiempo.jpg?id=68000) !important;}\u00bb][vc_column][vc_row_inner el_id=\u00bblogo\u00bb][vc_column_inner][vc_column_text el_id=\u00bblogo\u00bb][\/vc_column_text][\/vc_column_inner][\/vc_row_inner][vc_row_inner][vc_column_inner][vc_video link=\u00bbhttps:\/\/www.youtube.com\/watch?v=hJXGk5SZiAY\u00bb align=\u00bbcenter\u00bb el_id=\u00bbvideo-intro\u00bb][\/vc_column_inner][\/vc_row_inner][\/vc_column][\/vc_row][vc_row css=\u00bb.vc_custom_1636419269401{background-color: #eef4d0 !important;}\u00bb][vc_column][vc_row_inner][vc_column_inner][vc_posts_slider type=\u00bbflexslider_slide\u00bb count=\u00bb2&#8243; interval=\u00bb3&#8243; slides_content=\u00bbteaser\u00bb slides_title=\u00bb1&#8243; thumb_size=\u00bbfull\u00bb posttypes=\u00bbpost\u00bb categories=\u00bbespecial-urss\u00bb el_id=\u00bbslider-articles\u00bb][\/vc_column_inner][\/vc_row_inner][vc_row_inner css=\u00bb.vc_custom_1639201808573{background-image: url(https:\/\/litci.org\/es\/wp-content\/uploads\/2021\/12\/bg-linea-tiempo.jpg?id=68000) !important;}\u00bb][vc_column_inner][vc_empty_space][vc_column_text] Actualizaci\u00f3n diaria A partir de hoy, cada d\u00eda realizaremos una nueva publicaci\u00f3n en este especial [\/vc_column_text][vc_empty_space][td_block_12 category_id=\u00bb17082&#8243; limit=\u00bb\u00bb tdc_css=\u00bb\u00bb][\/vc_column_inner][\/vc_row_inner][\/vc_column][\/vc_row]<\/p>\n","protected":false},"author":11,"featured_media":68029,"parent":0,"menu_order":0,"comment_status":"closed","ping_status":"closed","template":"","meta":{"jetpack_post_was_ever_published":false,"footnotes":""},"class_list":["post-67509","page","type-page","status-publish","has-post-thumbnail","hentry"],"jetpack_sharing_enabled":true,"_links":{"self":[{"href":"https:\/\/litci.org\/es\/wp-json\/wp\/v2\/pages\/67509","targetHints":{"allow":["GET"]}}],"collection":[{"href":"https:\/\/litci.org\/es\/wp-json\/wp\/v2\/pages"}],"about":[{"href":"https:\/\/litci.org\/es\/wp-json\/wp\/v2\/types\/page"}],"author":[{"embeddable":true,"href":"https:\/\/litci.org\/es\/wp-json\/wp\/v2\/users\/11"}],"replies":[{"embeddable":true,"href":"https:\/\/litci.org\/es\/wp-json\/wp\/v2\/comments?post=67509"}],"version-history":[{"count":57,"href":"https:\/\/litci.org\/es\/wp-json\/wp\/v2\/pages\/67509\/revisions"}],"predecessor-version":[{"id":68984,"href":"https:\/\/litci.org\/es\/wp-json\/wp\/v2\/pages\/67509\/revisions\/68984"}],"wp:featuredmedia":[{"embeddable":true,"href":"https:\/\/litci.org\/es\/wp-json\/wp\/v2\/media\/68029"}],"wp:attachment":[{"href":"https:\/\/litci.org\/es\/wp-json\/wp\/v2\/media?parent=67509"}],"curies":[{"name":"wp","href":"https:\/\/api.w.org\/{rel}","templated":true}]}}