{"id":65387,"date":"2021-04-24T10:40:24","date_gmt":"2021-04-24T10:40:24","guid":{"rendered":"https:\/\/litci.org\/es\/?page_id=65387"},"modified":"2022-08-01T17:05:39","modified_gmt":"2022-08-01T17:05:39","slug":"especialescorreo","status":"publish","type":"page","link":"https:\/\/litci.org\/es\/especialescorreo\/","title":{"rendered":"Especiales de Correo Internacional"},"content":{"rendered":"<p>[vc_row el_class=\u00bbdegrade\u00bb css=\u00bb.vc_custom_1619192813946{padding-bottom: 128px !important;}\u00bb][vc_column width=\u00bb1\/2&#8243;][vc_single_image image=\u00bb65572&#8243; img_size=\u00bbfull\u00bb alignment=\u00bbcenter\u00bb][\/vc_column][vc_column width=\u00bb1\/2&#8243; css=\u00bb.vc_custom_1619191815134{padding: 48px !important;}\u00bb][vc_custom_heading text=\u00bb\u00bfAd\u00f3nde va Estados Unidos?\u00bb font_container=\u00bbtag:h1|font_size:48px|text_align:left|color:%23ffaf19|line_height:1.25&#8243; google_fonts=\u00bbfont_family:Roboto%3A100%2C100italic%2C300%2C300italic%2Cregular%2Citalic%2C500%2C500italic%2C700%2C700italic%2C900%2C900italic|font_style:900%20bold%20regular%3A900%3Anormal\u00bb][vc_custom_heading text=\u00bbCon esta primera presentaci\u00f3n de los Especiales de Correo Internacional iniciamos una nueva etapa. La pandemia de coronavirus nos ha obligado a suspender la edici\u00f3n de la tradicional revista impresa. Sin embargo, al mismo tiempo, se mantiene la necesidad de poder reunir en un solo material art\u00edculos que expongan los an\u00e1lisis y las propuestas de la LIT-CI sobre los hechos y temas m\u00e1s importantes de la lucha de clases.\u00bb font_container=\u00bbtag:p|font_size:18px|text_align:left|color:%23ffffff|line_height:1.5&#8243; google_fonts=\u00bbfont_family:Roboto%3A100%2C100italic%2C300%2C300italic%2Cregular%2Citalic%2C500%2C500italic%2C700%2C700italic%2C900%2C900italic|font_style:400%20regular%3A400%3Anormal\u00bb css=\u00bb.vc_custom_1619190209968{padding-bottom: 48px !important;}\u00bb][\/vc_column][\/vc_row][vc_row css=\u00bb.vc_custom_1619192720227{background-color: #990000 !important;}\u00bb el_class=\u00bbtargeta\u00bb][vc_column width=\u00bb1\/2&#8243; css=\u00bb.vc_custom_1619192036750{padding: 48px !important;}\u00bb][vc_custom_heading text=\u00bbCompleta para descargar el cuadernillo\u00bb font_container=\u00bbtag:h2|font_size:36px|text_align:left|color:%23ffffff|line_height:1.25&#8243; google_fonts=\u00bbfont_family:Roboto%3A100%2C100italic%2C300%2C300italic%2Cregular%2Citalic%2C500%2C500italic%2C700%2C700italic%2C900%2C900italic|font_style:900%20bold%20regular%3A900%3Anormal\u00bb][\/vc_column][vc_column width=\u00bb1\/2&#8243; css=\u00bb.vc_custom_1619192492609{padding-top: 24px !important;padding-right: 24px !important;padding-bottom: 24px !important;padding-left: 24px !important;}\u00bb][vc_raw_html]JTNDZGl2JTIwY2xhc3MlM0QlMjJmb3JtX2NhcmQlMjIlM0UlM0Nmb3JtJTIwbmFtZSUzRCUyMmNhZF9FTiUyMiUyMGNsYXNzJTNEJTIyZm9ybTElMjIlMjBvbnN1Ym1pdCUzRCUyMnJldHVybiUyMHZhbGlkYXRlRm9ybSUyOCUyOSUyMiUyMG1ldGhvZCUzRCUyMnBvc3QlMjIlMjBhY3Rpb24lM0QlMjJodHRwJTNBJTJGJTJGbGl0Y2kub3JnJTJGc2F2ZWZvcm0ucGhwJTIyJTNFJTBBJTIwJTIwJTNDbGFiZWwlMjBmb3IlM0QlMjJmbmFtZSUyMiUzRU5vbWJyZSUyMGNvbXBsZXRvJTNBJTNDJTJGbGFiZWwlM0UlM0NiciUyMCUyRiUzRSUwQSUyMCUyMCUzQ2lucHV0JTIwdHlwZSUzRCUyMnRleHQlMjIlMjBuYW1lJTNEJTIyZm5hbWUlMjIlMjBvbmlucHV0JTNEJTIyY2xlYXJDbGFzcyUyOCUyOSUyMiUyMCUyRiUzRSUwQSUyMCUyMCUzQ2xhYmVsJTIwZm9yJTNEJTIyZm1haWwlMjIlM0VFLW1haWwlM0ElM0MlMkZsYWJlbCUzRSUzQ2JyJTIwJTJGJTNFJTBBJTIwJTIwJTNDaW5wdXQlMjB0eXBlJTNEJTIydGV4dCUyMiUyMG5hbWUlM0QlMjJmbWFpbCUyMiUyMG9uaW5wdXQlM0QlMjJjbGVhckNsYXNzJTI4JTI5JTIyJTJGJTNFJTBBJTIwJTIwJTNDbGFiZWwlMjBmb3IlM0QlMjJmcGhvbmUlMjIlM0VUZWwlQzMlQTlmb25vJTIwJTI4Y29uJTIwYyVDMyVCM2RpZ28lMjBkZSUyMHBhJUMzJUFEcyUyOSUzQSUzQyUyRmxhYmVsJTNFJTNDYnIlMjAlMkYlM0UlMEElMjAlMjAlM0NpbnB1dCUyMHR5cGUlM0QlMjJ0ZXh0JTIyJTIwbmFtZSUzRCUyMmZwaG9uZSUyMiUyMG9uaW5wdXQlM0QlMjJjbGVhckNsYXNzJTI4JTI5JTIyJTJGJTNFJTBBJTIwJTIwJTNDbGFiZWwlMjBmb3IlM0QlMjJmY291bnRyeSUyMiUzRVBhJUMzJUFEcyUzQSUzQyUyRmxhYmVsJTNFJTNDYnIlMjAlMkYlM0UlMEElMjAlMjAlM0NpbnB1dCUyMHR5cGUlM0QlMjJ0ZXh0JTIyJTIwbmFtZSUzRCUyMmZjb3VudHJ5JTIyJTIwb25pbnB1dCUzRCUyMmNsZWFyQ2xhc3MlMjglMjklMjIlMkYlM0UlMEElMjAlMjAlM0NsYWJlbCUyMGZvciUzRCUyMmZjaXR5JTIyJTNFQ2l1ZGFkJTNBJTNDJTJGbGFiZWwlM0UlM0NiciUyMCUyRiUzRSUwQSUyMCUyMCUzQ2lucHV0JTIwdHlwZSUzRCUyMnRleHQlMjIlMjBuYW1lJTNEJTIyZmNpdHklMjIlMjBvbmlucHV0JTNEJTIyY2xlYXJDbGFzcyUyOCUyOSUyMiUyMCUyRiUzRSUwQSUyMCUyMCUzQ2lucHV0JTIwdHlwZSUzRCUyMnRleHQlMjIlMjBuYW1lJTNEJTIyZmxhbmd1YWdlJTIyJTIwdmFsdWUlM0QlMjJFc3BhbmhvbCUyMiUyMHN0eWxlJTNEJTIyZGlzcGxheSUzQW5vbmUlMjIlMkYlM0UlMEElM0NpbnB1dCUyMHR5cGUlM0QlMjJ0ZXh0JTIyJTIwbmFtZSUzRCUyMmZtYXRlcmlhbCUyMiUyMHZhbHVlJTNEJTIyRXNwZWNpYWwtQ0lfRUVVVV9FUyUyMiUyMHN0eWxlJTNEJTIyZGlzcGxheSUzQW5vbmUlMjIlMkYlM0UlMEElMjAlMjAlM0NpbnB1dCUyMHR5cGUlM0QlMjJzdWJtaXQlMjIlMjB2YWx1ZSUzRCUyMkRPV05MT0FEJTIxJTIyJTNFJTBBJTNDJTJGZm9ybSUzRSUzQyUyRmRpdiUzRSUwQSUzQ3NjcmlwdCUzRSUwQSUyMCUyMGZ1bmN0aW9uJTIwY2xlYXJDbGFzcyUyOCUyOSU3QiUwQSUyMCUyMGV2ZW50LnRhcmdldC5jbGFzc0xpc3QucmVtb3ZlJTI4JTIyaW5wdXRfYWxlcnQlMjIlMjklM0IlMEElN0QlMEElMEFmdW5jdGlvbiUyMHZhbGlkYXRlRm9ybSUyOCUyOSUyMCU3QiUwQSUyMCUyMHZhciUyMG5hbWUlMjAlM0QlMjBkb2N1bWVudC5mb3JtcyU1QiUyMmNhZF9FTiUyMiU1RCU1QiUyMmZuYW1lJTIyJTVELnZhbHVlJTNCJTBBJTIwJTIwaWYlMjAlMjhuYW1lJTIwJTNEJTNEJTIwJTIyJTIyJTI5JTdCJTBBJTIwJTIwJTIwJTIwZG9jdW1lbnQuZm9ybXMlNUIlMjJjYWRfRU4lMjIlNUQlNUIlMjJmbmFtZSUyMiU1RC5jbGFzc0xpc3QuYWRkJTI4JTIyaW5wdXRfYWxlcnQlMjIlMjklM0IlMEElMjAlMjAlMjAlMjByZXR1cm4lMjBmYWxzZSUzQiUwQSUyMCUyMCU3RCUwQSUyMCUyMHZhciUyMGVtYWlsJTIwJTNEJTIwZG9jdW1lbnQuZm9ybXMlNUIlMjJjYWRfRU4lMjIlNUQlNUIlMjJmbWFpbCUyMiU1RC52YWx1ZSUzQiUwQSUyMCUyMGlmJTIwJTI4ZW1haWwlMjAlM0QlM0QlMjAlMjIlMjIlMjklN0IlMEElMjAlMjAlMjAlMjBkb2N1bWVudC5mb3JtcyU1QiUyMmNhZF9FTiUyMiU1RCU1QiUyMmZtYWlsJTIyJTVELmNsYXNzTGlzdC5hZGQlMjglMjJpbnB1dF9hbGVydCUyMiUyOSUzQiUwQSUyMCUyMCUyMCUyMHJldHVybiUyMGZhbHNlJTNCJTBBJTIwJTIwJTdEJTBBJTIwJTIwdmFyJTIwdGVsZWZvbmUlMjAlM0QlMjBkb2N1bWVudC5mb3JtcyU1QiUyMmNhZF9FTiUyMiU1RCU1QiUyMmZwaG9uZSUyMiU1RC52YWx1ZSUzQiUwQSUyMCUyMGlmJTIwJTI4dGVsZWZvbmUlMjAlM0QlM0QlMjAlMjIlMjIlMjklN0IlMEElMjAlMjAlMjAlMjBkb2N1bWVudC5mb3JtcyU1QiUyMmNhZF9FTiUyMiU1RCU1QiUyMmZwaG9uZSUyMiU1RC5jbGFzc0xpc3QuYWRkJTI4JTIyaW5wdXRfYWxlcnQlMjIlMjklM0IlMEElMjAlMjAlMjAlMjByZXR1cm4lMjBmYWxzZSUzQiUwQSUyMCUyMCU3RCUwQSUyMCUyMHZhciUyMHBhaXMlMjAlM0QlMjBkb2N1bWVudC5mb3JtcyU1QiUyMmNhZF9FTiUyMiU1RCU1QiUyMmZjb3VudHJ5JTIyJTVELnZhbHVlJTNCJTBBJTIwJTIwaWYlMjAlMjhwYWlzJTIwJTNEJTNEJTIwJTIyJTIyJTI5JTdCJTBBJTIwJTIwJTIwJTIwZG9jdW1lbnQuZm9ybXMlNUIlMjJjYWRfRU4lMjIlNUQlNUIlMjJmY291bnRyeSUyMiU1RC5jbGFzc0xpc3QuYWRkJTI4JTIyaW5wdXRfYWxlcnQlMjIlMjklM0IlMEElMjAlMjAlMjAlMjByZXR1cm4lMjBmYWxzZSUzQiUwQSUyMCUyMCU3RCUwQSUyMCUyMHZhciUyMGNpZGFkZSUyMCUzRCUyMGRvY3VtZW50LmZvcm1zJTVCJTIyY2FkX0VOJTIyJTVEJTVCJTIyZmNpdHklMjIlNUQudmFsdWUlM0IlMEElMjAlMjBpZiUyMCUyOGNpZGFkZSUyMCUzRCUzRCUyMCUyMiUyMiUyOSU3QiUwQSUyMCUyMCUyMCUyMGRvY3VtZW50LmZvcm1zJTVCJTIyY2FkX0VOJTIyJTVEJTVCJTIyZmNpdHklMjIlNUQuY2xhc3NMaXN0LmFkZCUyOCUyMmlucHV0X2FsZXJ0JTIyJTI5JTNCJTBBJTIwJTIwJTIwJTIwcmV0dXJuJTIwZmFsc2UlM0IlMEElMjAlMjAlN0QlMEElN0QlM0IlMEElM0MlMkZzY3JpcHQlM0U=[\/vc_raw_html][\/vc_column][\/vc_row][vc_row css=\u00bb.vc_custom_1619193222081{background-color: #222222 !important;}\u00bb el_class=\u00bbbase\u00bb][vc_column][\/vc_column][\/vc_row]<\/p>\n","protected":false},"excerpt":{"rendered":"<p>[vc_row el_class=\u00bbdegrade\u00bb css=\u00bb.vc_custom_1619192813946{padding-bottom: 128px !important;}\u00bb][vc_column width=\u00bb1\/2&#8243;][vc_single_image image=\u00bb65572&#8243; img_size=\u00bbfull\u00bb alignment=\u00bbcenter\u00bb][\/vc_column][vc_column width=\u00bb1\/2&#8243; css=\u00bb.vc_custom_1619191815134{padding: 48px !important;}\u00bb][vc_custom_heading text=\u00bb\u00bfAd\u00f3nde va Estados Unidos?\u00bb font_container=\u00bbtag:h1|font_size:48px|text_align:left|color:%23ffaf19|line_height:1.25&#8243; google_fonts=\u00bbfont_family:Roboto%3A100%2C100italic%2C300%2C300italic%2Cregular%2Citalic%2C500%2C500italic%2C700%2C700italic%2C900%2C900italic|font_style:900%20bold%20regular%3A900%3Anormal\u00bb][vc_custom_heading text=\u00bbCon esta primera presentaci\u00f3n de los Especiales de Correo Internacional iniciamos una nueva etapa. La pandemia de coronavirus nos ha obligado a suspender la edici\u00f3n de la tradicional revista impresa. Sin embargo, al mismo tiempo, se [&hellip;]<\/p>\n","protected":false},"author":14,"featured_media":0,"parent":0,"menu_order":0,"comment_status":"closed","ping_status":"closed","template":"","meta":{"jetpack_post_was_ever_published":false,"footnotes":""},"class_list":["post-65387","page","type-page","status-publish","hentry"],"jetpack_sharing_enabled":true,"_links":{"self":[{"href":"https:\/\/litci.org\/es\/wp-json\/wp\/v2\/pages\/65387","targetHints":{"allow":["GET"]}}],"collection":[{"href":"https:\/\/litci.org\/es\/wp-json\/wp\/v2\/pages"}],"about":[{"href":"https:\/\/litci.org\/es\/wp-json\/wp\/v2\/types\/page"}],"author":[{"embeddable":true,"href":"https:\/\/litci.org\/es\/wp-json\/wp\/v2\/users\/14"}],"replies":[{"embeddable":true,"href":"https:\/\/litci.org\/es\/wp-json\/wp\/v2\/comments?post=65387"}],"version-history":[{"count":56,"href":"https:\/\/litci.org\/es\/wp-json\/wp\/v2\/pages\/65387\/revisions"}],"predecessor-version":[{"id":71289,"href":"https:\/\/litci.org\/es\/wp-json\/wp\/v2\/pages\/65387\/revisions\/71289"}],"wp:attachment":[{"href":"https:\/\/litci.org\/es\/wp-json\/wp\/v2\/media?parent=65387"}],"curies":[{"name":"wp","href":"https:\/\/api.w.org\/{rel}","templated":true}]}}