{"id":62032,"date":"2020-08-17T03:52:39","date_gmt":"2020-08-17T06:52:39","guid":{"rendered":"https:\/\/litci.org\/es\/?page_id=62032"},"modified":"2020-08-20T15:23:01","modified_gmt":"2020-08-20T18:23:01","slug":"80-anos-sin-trotsky","status":"publish","type":"page","link":"https:\/\/litci.org\/es\/80-anos-sin-trotsky\/","title":{"rendered":"80 a\u00f1os sin Trotsky"},"content":{"rendered":"<p>[vc_row][vc_column][vc_single_image image=\u00bb62036&#8243; img_size=\u00bbfull\u00bb][vc_raw_html]JTNDZGl2JTIwY2xhc3MlM0QlMjJmYi12aWRlbyUyMiUyMGRhdGEtaHJlZiUzRCUyMmh0dHBzJTNBJTJGJTJGd3d3LmZhY2Vib29rLmNvbSUyRmxpdGNpLmN1YXJ0YWludGVybmFjaW9uYWwlMkZ2aWRlb3MlMkY1OTY3NjIxNTc2NjI2MDElMkYlMjIlMjBkYXRhLXNob3ctdGV4dCUzRCUyMmZhbHNlJTIyJTIwZGF0YS13aWR0aCUzRCUyMiUyMiUzRSUzQ2Jsb2NrcXVvdGUlMjBjaXRlJTNEJTIyaHR0cHMlM0ElMkYlMkZkZXZlbG9wZXJzLmZhY2Vib29rLmNvbSUyRmxpdGNpLmN1YXJ0YWludGVybmFjaW9uYWwlMkZ2aWRlb3MlMkY1OTY3NjIxNTc2NjI2MDElMkYlMjIlMjBjbGFzcyUzRCUyMmZiLXhmYm1sLXBhcnNlLWlnbm9yZSUyMiUzRSUzQ2ElMjBocmVmJTNEJTIyaHR0cHMlM0ElMkYlMkZkZXZlbG9wZXJzLmZhY2Vib29rLmNvbSUyRmxpdGNpLmN1YXJ0YWludGVybmFjaW9uYWwlMkZ2aWRlb3MlMkY1OTY3NjIxNTc2NjI2MDElMkYlMjIlM0VUcm90c2t5JTNDJTJGYSUzRSUzQ3AlM0U4MCUyMEElQzMlOTFPUyUyMFNJTiUyMFRST1RTS1klMjAlN0MlMjBFc3RlJTIwdmllcm5lcyUyMDIxJTJGMDglMkMlMjBsYSUyMExpZ2ElMjBJbnRlcm5hY2lvbmFsJTIwZGUlMjBsb3MlMjBUcmFiYWphZG9yZXMlMjByZWFsaXphciVDMyVBMSUyMHVuJTIwdmlkZW8tYWN0byUyMGVuJTIwdml2byUyMHBhcmElMjByZWNvcmRhciUyMGVsJTIwbGVnYWRvJTIwcG9sJUMzJUFEdGljbyUyMGRlJTIwTGUlQzMlQjNuJTIwVHJvdHNreSUyQyUyMGVsJTIwcmV2b2x1Y2lvbmFyaW8lMjBydXNvJTIwYXNlc2luYWRvJTIwaGFjZSUyMDgwJTIwYSVDMyVCMW9zJTIwZW4lMjBNJUMzJUE5eGljby4lMjAlMEElRjAlOUYlOTclOTMlMjBFbCUyMGFjdG8lMjBzZXIlQzMlQTElMjB0cmFuc21pdGlkbyUyMHBvciUyMGxhJTIwcCVDMyVBMWdpbmElMjBkZSUyMEZhY2Vib29rJTIwZGUlMjBsYSUyMExJVC1DSSUyMHklMjBkZWwlMjBQU1RVJTIwZGUlMjBCcmFzaWwlMkMlMjB5JTIwdGFtYmklQzMlQTluJTIwZW0lMjBudWVzdHJvJTIwY2FuYWwlMjBkZSUyMFlvdVR1YmUlMkMlMjBlbCUyMHZpZXJuZXMlMjAyMSUyRjA4JTIwYSUyMGxhcyUyMDE5JTNBMDAlMjBkZSUyMEJyYXNpbCUwQUVuJTIwZWwlMjBGYWNlYm9vayUzQSUwQSVGMCU5RiU5RiVBNSUyMFBTVFUlM0ElMjBodHRwcyUzQSUyRiUyRnd3dy5mYWNlYm9vay5jb20lMkZwc3R1MTYlMEElRjAlOUYlOUYlQTUlMjBMSVQlM0ElMjBodHRwcyUzQSUyRiUyRnd3dy5mYWNlYm9vay5jb20lMkZsaXRjaS5jdWFydGFpbnRlcm5hY2lvbmFsJTBBRW4lMjBZb3VUdWJlJTNBJTBBJUYwJTlGJTk0JUI0JTIwUFNUVSUzQSUyMGh0dHBzJTNBJTJGJTJGd3d3LnlvdXR1YmUuY29tJTJGUG9ydGFsZG9QU1RVJTBBJUYwJTlGJTk0JUI0JTIwTElUJTNBJTIwaHR0cHMlM0ElMkYlMkZ3d3cueW91dHViZS5jb20lMkZ1c2VyJTJGbGl0Y2kwMSUzQyUyRnAlM0VQdWJsaWNhZG8lMjBwb3IlMjAlM0NhJTIwaHJlZiUzRCUyMmh0dHBzJTNBJTJGJTJGd3d3LmZhY2Vib29rLmNvbSUyRmxpdGNpLmN1YXJ0YWludGVybmFjaW9uYWwlMkYlMjIlM0VMaWdhJTIwSW50ZXJuYWNpb25hbCUyMGRlJTIwbG9zJTIwVHJhYmFqYWRvcmVzJTIwLSUyMEN1YXJ0YSUyMEludGVybmFjaW9uYWwlM0MlMkZhJTNFJTIwZW4lMjBKdWV2ZXMlMkMlMjAyMCUyMGRlJTIwYWdvc3RvJTIwZGUlMjAyMDIwJTNDJTJGYmxvY2txdW90ZSUzRSUzQyUyRmRpdiUzRQ==[\/vc_raw_html][\/vc_column][vc_column][\/vc_column][\/vc_row][vc_row css=\u00bb.vc_custom_1597937809141{padding-top: 25px !important;padding-right: 25px !important;padding-bottom: 25px !important;padding-left: 25px !important;background-color: #ffffff !important;}\u00bb][vc_column css_animation=\u00bbfadeIn\u00bb css=\u00bb.vc_custom_1597939173948{padding-top: 10px !important;padding-right: 25px !important;padding-bottom: 25px !important;padding-left: 25px !important;background-color: #ffffff !important;}\u00bb][vc_custom_heading text=\u00bbLos 80 a\u00f1os del asesinato de Trotsky\u00bb font_container=\u00bbtag:h2|text_align:left|color:%23dd3333&#8243;][vc_column_text]<span style=\"background-color: #ffffff;\"><em>El 21 de agosto de 1940, Le\u00f3n Trotsky, dirigente de la Revoluci\u00f3n Rusa de 1917, mor\u00eda por el golpe de Ram\u00f3n Mercader, un agente de la GPU, la polic\u00eda pol\u00edtica de la Uni\u00f3n Sovi\u00e9tica, bajo las \u00f3rdenes del dictador Joseph Stalin. Terminaba, as\u00ed, la m\u00e1s encarnizada persecuci\u00f3n de la burocracia del Estado sovi\u00e9tico al principal dirigente opositor revolucionario.<\/em><\/span>[\/vc_column_text][vc_btn title=\u00bbLeer m\u00e1s&#8230;\u00bb color=\u00bbdanger\u00bb link=\u00bburl:https%3A%2F%2Flitci.org%2Fes%2Fmenu%2Fteoria%2Fhistoria%2Flos-80-anos-del-asesinato-de-trotsky%2F|||\u00bb css=\u00bb.vc_custom_1597939209611{background-color: #ffffff !important;}\u00bb][\/vc_column][\/vc_row][vc_row][vc_column][td_block_16 custom_title=\u00bbArt\u00edculos\u00bb category_id=\u00bb15687&#8243; ajax_pagination=\u00bbload_more\u00bb][\/vc_column][\/vc_row]<\/p>\n","protected":false},"excerpt":{"rendered":"<p>[vc_row][vc_column][vc_single_image image=\u00bb62036&#8243; img_size=\u00bbfull\u00bb][vc_raw_html]JTNDZGl2JTIwY2xhc3MlM0QlMjJmYi12aWRlbyUyMiUyMGRhdGEtaHJlZiUzRCUyMmh0dHBzJTNBJTJGJTJGd3d3LmZhY2Vib29rLmNvbSUyRmxpdGNpLmN1YXJ0YWludGVybmFjaW9uYWwlMkZ2aWRlb3MlMkY1OTY3NjIxNTc2NjI2MDElMkYlMjIlMjBkYXRhLXNob3ctdGV4dCUzRCUyMmZhbHNlJTIyJTIwZGF0YS13aWR0aCUzRCUyMiUyMiUzRSUzQ2Jsb2NrcXVvdGUlMjBjaXRlJTNEJTIyaHR0cHMlM0ElMkYlMkZkZXZlbG9wZXJzLmZhY2Vib29rLmNvbSUyRmxpdGNpLmN1YXJ0YWludGVybmFjaW9uYWwlMkZ2aWRlb3MlMkY1OTY3NjIxNTc2NjI2MDElMkYlMjIlMjBjbGFzcyUzRCUyMmZiLXhmYm1sLXBhcnNlLWlnbm9yZSUyMiUzRSUzQ2ElMjBocmVmJTNEJTIyaHR0cHMlM0ElMkYlMkZkZXZlbG9wZXJzLmZhY2Vib29rLmNvbSUyRmxpdGNpLmN1YXJ0YWludGVybmFjaW9uYWwlMkZ2aWRlb3MlMkY1OTY3NjIxNTc2NjI2MDElMkYlMjIlM0VUcm90c2t5JTNDJTJGYSUzRSUzQ3AlM0U4MCUyMEElQzMlOTFPUyUyMFNJTiUyMFRST1RTS1klMjAlN0MlMjBFc3RlJTIwdmllcm5lcyUyMDIxJTJGMDglMkMlMjBsYSUyMExpZ2ElMjBJbnRlcm5hY2lvbmFsJTIwZGUlMjBsb3MlMjBUcmFiYWphZG9yZXMlMjByZWFsaXphciVDMyVBMSUyMHVuJTIwdmlkZW8tYWN0byUyMGVuJTIwdml2byUyMHBhcmElMjByZWNvcmRhciUyMGVsJTIwbGVnYWRvJTIwcG9sJUMzJUFEdGljbyUyMGRlJTIwTGUlQzMlQjNuJTIwVHJvdHNreSUyQyUyMGVsJTIwcmV2b2x1Y2lvbmFyaW8lMjBydXNvJTIwYXNlc2luYWRvJTIwaGFjZSUyMDgwJTIwYSVDMyVCMW9zJTIwZW4lMjBNJUMzJUE5eGljby4lMjAlMEElRjAlOUYlOTclOTMlMjBFbCUyMGFjdG8lMjBzZXIlQzMlQTElMjB0cmFuc21pdGlkbyUyMHBvciUyMGxhJTIwcCVDMyVBMWdpbmElMjBkZSUyMEZhY2Vib29rJTIwZGUlMjBsYSUyMExJVC1DSSUyMHklMjBkZWwlMjBQU1RVJTIwZGUlMjBCcmFzaWwlMkMlMjB5JTIwdGFtYmklQzMlQTluJTIwZW0lMjBudWVzdHJvJTIwY2FuYWwlMjBkZSUyMFlvdVR1YmUlMkMlMjBlbCUyMHZpZXJuZXMlMjAyMSUyRjA4JTIwYSUyMGxhcyUyMDE5JTNBMDAlMjBkZSUyMEJyYXNpbCUwQUVuJTIwZWwlMjBGYWNlYm9vayUzQSUwQSVGMCU5RiU5RiVBNSUyMFBTVFUlM0ElMjBodHRwcyUzQSUyRiUyRnd3dy5mYWNlYm9vay5jb20lMkZwc3R1MTYlMEElRjAlOUYlOUYlQTUlMjBMSVQlM0ElMjBodHRwcyUzQSUyRiUyRnd3dy5mYWNlYm9vay5jb20lMkZsaXRjaS5jdWFydGFpbnRlcm5hY2lvbmFsJTBBRW4lMjBZb3VUdWJlJTNBJTBBJUYwJTlGJTk0JUI0JTIwUFNUVSUzQSUyMGh0dHBzJTNBJTJGJTJGd3d3LnlvdXR1YmUuY29tJTJGUG9ydGFsZG9QU1RVJTBBJUYwJTlGJTk0JUI0JTIwTElUJTNBJTIwaHR0cHMlM0ElMkYlMkZ3d3cueW91dHViZS5jb20lMkZ1c2VyJTJGbGl0Y2kwMSUzQyUyRnAlM0VQdWJsaWNhZG8lMjBwb3IlMjAlM0NhJTIwaHJlZiUzRCUyMmh0dHBzJTNBJTJGJTJGd3d3LmZhY2Vib29rLmNvbSUyRmxpdGNpLmN1YXJ0YWludGVybmFjaW9uYWwlMkYlMjIlM0VMaWdhJTIwSW50ZXJuYWNpb25hbCUyMGRlJTIwbG9zJTIwVHJhYmFqYWRvcmVzJTIwLSUyMEN1YXJ0YSUyMEludGVybmFjaW9uYWwlM0MlMkZhJTNFJTIwZW4lMjBKdWV2ZXMlMkMlMjAyMCUyMGRlJTIwYWdvc3RvJTIwZGUlMjAyMDIwJTNDJTJGYmxvY2txdW90ZSUzRSUzQyUyRmRpdiUzRQ==[\/vc_raw_html][\/vc_column][vc_column][\/vc_column][\/vc_row][vc_row css=\u00bb.vc_custom_1597937809141{padding-top: 25px !important;padding-right: 25px !important;padding-bottom: 25px !important;padding-left: 25px !important;background-color: #ffffff !important;}\u00bb][vc_column css_animation=\u00bbfadeIn\u00bb css=\u00bb.vc_custom_1597939173948{padding-top: 10px !important;padding-right: 25px !important;padding-bottom: 25px !important;padding-left: 25px !important;background-color: #ffffff !important;}\u00bb][vc_custom_heading text=\u00bbLos 80 a\u00f1os del asesinato de Trotsky\u00bb font_container=\u00bbtag:h2|text_align:left|color:%23dd3333&#8243;][vc_column_text]El 21 de agosto de 1940, Le\u00f3n Trotsky, dirigente de la Revoluci\u00f3n Rusa de 1917, mor\u00eda por el golpe de Ram\u00f3n Mercader, [&hellip;]<\/p>\n","protected":false},"author":14,"featured_media":0,"parent":0,"menu_order":0,"comment_status":"closed","ping_status":"closed","template":"","meta":{"jetpack_post_was_ever_published":false,"footnotes":""},"class_list":["post-62032","page","type-page","status-publish","hentry"],"jetpack_sharing_enabled":true,"_links":{"self":[{"href":"https:\/\/litci.org\/es\/wp-json\/wp\/v2\/pages\/62032","targetHints":{"allow":["GET"]}}],"collection":[{"href":"https:\/\/litci.org\/es\/wp-json\/wp\/v2\/pages"}],"about":[{"href":"https:\/\/litci.org\/es\/wp-json\/wp\/v2\/types\/page"}],"author":[{"embeddable":true,"href":"https:\/\/litci.org\/es\/wp-json\/wp\/v2\/users\/14"}],"replies":[{"embeddable":true,"href":"https:\/\/litci.org\/es\/wp-json\/wp\/v2\/comments?post=62032"}],"version-history":[{"count":16,"href":"https:\/\/litci.org\/es\/wp-json\/wp\/v2\/pages\/62032\/revisions"}],"predecessor-version":[{"id":62141,"href":"https:\/\/litci.org\/es\/wp-json\/wp\/v2\/pages\/62032\/revisions\/62141"}],"wp:attachment":[{"href":"https:\/\/litci.org\/es\/wp-json\/wp\/v2\/media?parent=62032"}],"curies":[{"name":"wp","href":"https:\/\/api.w.org\/{rel}","templated":true}]}}