{"id":60435,"date":"2020-05-17T00:58:24","date_gmt":"2020-05-17T03:58:24","guid":{"rendered":"https:\/\/litci.org\/es\/?page_id=60435"},"modified":"2020-06-14T19:53:27","modified_gmt":"2020-06-14T22:53:27","slug":"presospoliticos","status":"publish","type":"page","link":"https:\/\/litci.org\/es\/presospoliticos\/","title":{"rendered":"Libertad a los Presos Pol\u00edticos"},"content":{"rendered":"<p>[vc_row][vc_column][vc_single_image image=\u00bb60513&#8243; img_size=\u00bb1019&#215;298&#8243; alignment=\u00bbcenter\u00bb css_animation=\u00bbfadeInDown\u00bb el_id=\u00bbbanner\u00bb][vc_cta h2=\u00bb\u00a1Libertad a los Presos Pol\u00edticos en Chile!\u00bb h4=\u00bbLa LIT-CI lanza un especial para redoblar la campa\u00f1a por los presos pol\u00edticos en Chile\u00bb shape=\u00bbsquare\u00bb style=\u00bbflat\u00bb color=\u00bbwhite\u00bb add_button=\u00bbright\u00bb btn_title=\u00bbLeer m\u00e1s\u00bb btn_color=\u00bbdefault\u00bb css_animation=\u00bbfadeInUp\u00bb btn_link=\u00bburl:https%3A%2F%2Flitci.org%2Fes%2Fmenu%2Fmundo%2Flatinoamerica%2Fchile%2Fla-lit-ci-lanza-un-especial-para-redoblar-la-campana-por-los-presos-politicos-en-chile|||\u00bb css=\u00bb.vc_custom_1589924520552{padding-right: 50px !important;padding-left: 50px !important;}\u00bb el_id=\u00bbllamada\u00bb]<em>Desde la LIT-CI y sus partidos venimos acompa\u00f1ando la campa\u00f1a de nuestros compa\u00f1eros del MIT y de numerosas organizaciones pol\u00edticas, sociales y de DDHH exigiendo la libertad de los presos pol\u00edticos y medidas sanitarias en todas las c\u00e1rceles. Producto de esta acci\u00f3n se ha logrado que varios compa\u00f1eros sean liberados&#8230;<\/em>[\/vc_cta][vc_empty_space][\/vc_column][\/vc_row][vc_row][vc_column width=\u00bb2\/3&#8243;][vc_column_text css=\u00bb.vc_custom_1589775130596{margin-bottom: 10px !important;border-bottom-width: 2px !important;padding-top: 5px !important;padding-right: 5px !important;padding-bottom: 5px !important;padding-left: 5px !important;border-bottom-color: #a00000 !important;border-bottom-style: solid !important;}\u00bb el_class=\u00bb no-margin-left\u00bb]<\/p>\n<h4>Presos Pol\u00edticos en Chile<\/h4>\n<p>[\/vc_column_text][td_block_6 post_ids=\u00bb-60375,-60500&#8243; category_id=\u00bb15347&#8243; limit=\u00bb4&#8243; ajax_pagination=\u00bbnext_prev\u00bb][\/vc_column][vc_column width=\u00bb1\/3&#8243; css=\u00bb.vc_custom_1589771646634{margin-top: 32px !important;background-color: #ededed !important;border-radius: 3px !important;}\u00bb el_id=\u00bbmaria-solidaridad\u00bb][vc_single_image image=\u00bb60477&#8243; img_size=\u00bbfull\u00bb css=\u00bb.vc_custom_1589775623734{border-bottom-width: 10px !important;border-bottom-color: #a00000 !important;border-bottom-style: solid !important;}\u00bb][td_block_14 post_ids=\u00bb60375&#8243; limit=\u00bb1&#8243;][td_block_9 custom_title=\u00bb\u00bb post_ids=\u00bb-60375&#8243; tag_slug=\u00bbmaria-rivera\u00bb limit=\u00bb4&#8243; ajax_pagination=\u00bbnext_prev\u00bb][vc_single_image image=\u00bb60479&#8243; img_size=\u00bbfull\u00bb alignment=\u00bbcenter\u00bb css=\u00bb.vc_custom_1589775938271{border-top-width: 10px !important;border-top-color: #a00000 !important;border-top-style: solid !important;}\u00bb][\/vc_column][\/vc_row][vc_row][vc_column][vc_column_text css=\u00bb.vc_custom_1589775121201{margin-bottom: 10px !important;border-bottom-width: 2px !important;padding-top: 5px !important;padding-right: 5px !important;padding-bottom: 5px !important;padding-left: 5px !important;border-bottom-color: #a00000 !important;border-bottom-style: solid !important;}\u00bb el_class=\u00bb no-margin-left\u00bb]<\/p>\n<h4>Comunicados de organizaciones<\/h4>\n<p>[\/vc_column_text][vc_row_inner][vc_column_inner width=\u00bb4\/12&#8243; css=\u00bb.vc_custom_1589774415801{background-color: #ebebeb !important;}\u00bb][vc_raw_html el_id=\u00bbcounter\u00bb]JTVCbGd4LWNvdW50ZXIlNUQ=[\/vc_raw_html][vc_single_image image=\u00bb60514&#8243; img_size=\u00bb340&#215;70&#8243; alignment=\u00bbcenter\u00bb onclick=\u00bbcustom_link\u00bb img_link_target=\u00bb_blank\u00bb link=\u00bbhttps:\/\/litci.org\/es\/wp-content\/uploads\/2020\/05\/Se\u00f1or-Sebasti\u00e1n-Pi\u00f1era-Eche\u00f1ique-Presidente-de-la-Rep\u00fablica-de-Chile.docx\u00bb css=\u00bb.vc_custom_1589929749604{margin-bottom: 23px !important;}\u00bb][vc_icon icon_fontawesome=\u00bbfa fa-whatsapp\u00bb color=\u00bbgreen\u00bb link=\u00bburl:https%3A%2F%2Fwa.me%2F56940235262|||\u00bb el_id=\u00bbwa-no\u00bb][\/vc_column_inner][vc_column_inner width=\u00bb4\/12&#8243;][td_block_14 post_ids=\u00bb60535&#8243; limit=\u00bb1&#8243;][\/vc_column_inner][vc_column_inner width=\u00bb4\/12&#8243;][td_block_16 custom_title=\u00bb\u00bb category_id=\u00bb15347&#8243; tag_slug=\u00bbsolidaridadpresospoliticos\u00bb limit=\u00bb2&#8243; ajax_pagination=\u00bbnext_prev\u00bb][\/vc_column_inner][\/vc_row_inner][vc_row_inner][vc_column_inner][vc_column_text]<span style=\"color: #800000;\"><strong>Env\u00eda tu carta a <a href=\"mailto:jabbott@minpublico.cl;gblumel@interior.gob.cl?cc=mitvozdelostrabajadores@gmail.com\">jabbott@minpublico.cl, gblumel@interior.gob.cl y con copia al mitvozdelostrabajadores@gmail.com<\/a>.<br \/>\n<\/strong><\/span>[\/vc_column_text][vc_raw_html el_id=\u00bbiconos-rrss\u00bb]JTNDZGl2JTIwY2xhc3MlM0QlMjJ3cGJfd3JhcHBlciUyMiUyMHN0eWxlJTNEJTIydGV4dC1hbGlnbiUzQSUyMGNlbnRlciUzQm1heC1oZWlnaHQlM0ElMjAxMDBweCUzQnBhZGRpbmclM0ElMjAwcHglM0IlMjIlM0UlMEElM0NkaXYlMjBjbGFzcyUzRCUyMnZjX2ljb25fZWxlbWVudCUyMHZjX2ljb25fZWxlbWVudC1vdXRlciUyMHZjX2ljb25fZWxlbWVudC1hbGlnbi1sZWZ0JTIyJTNFJTBBJTA5JTNDZGl2JTIwY2xhc3MlM0QlMjJ2Y19pY29uX2VsZW1lbnQtaW5uZXIlMjB2Y19pY29uX2VsZW1lbnQtY29sb3ItYmx1ZSUyMHZjX2ljb25fZWxlbWVudC1zaXplLW1kJTIwdmNfaWNvbl9lbGVtZW50LXN0eWxlLSUyMHZjX2ljb25fZWxlbWVudC1iYWNrZ3JvdW5kLWNvbG9yLWdyZXklMjIlM0UlMEElMDklMDklM0NzcGFuJTIwY2xhc3MlM0QlMjJ2Y19pY29uX2VsZW1lbnQtaWNvbiUyMGZhJTIwZmEtY29tbWVudGluZyUyMiUzRSUzQyUyRnNwYW4lM0UlM0NhJTIwY2xhc3MlM0QlMjJ2Y19pY29uX2VsZW1lbnQtbGluayUyMiUyMGhyZWYlM0QlMjJodHRwJTNBJTJGJTJGbS5tZSUyRm1pdGNoaWxlbGl0Y2klMjIlMjB0aXRsZSUzRCUyMiUyMiUyMHRhcmdldCUzRCUyMl9zZWxmJTIyJTNFJTNDJTJGYSUzRSUzQyUyRmRpdiUzRSUwQSUzQyUyRmRpdiUzRSUwQSUzQ2RpdiUyMGNsYXNzJTNEJTIydmNfaWNvbl9lbGVtZW50JTIwdmNfaWNvbl9lbGVtZW50LW91dGVyJTIwdmNfaWNvbl9lbGVtZW50LWFsaWduLWNlbnRlciUyMiUzRSUwQSUwOSUzQ2RpdiUyMGNsYXNzJTNEJTIydmNfaWNvbl9lbGVtZW50LWlubmVyJTIwdmNfaWNvbl9lbGVtZW50LWNvbG9yLWp1aWN5X3BpbmslMjB2Y19pY29uX2VsZW1lbnQtc2l6ZS1tZCUyMHZjX2ljb25fZWxlbWVudC1zdHlsZS0lMjB2Y19pY29uX2VsZW1lbnQtYmFja2dyb3VuZC1jb2xvci1ncmV5JTIyJTNFJTBBJTA5JTA5JTNDc3BhbiUyMGNsYXNzJTNEJTIydmNfaWNvbl9lbGVtZW50LWljb24lMjBmYSUyMGZhLWVudmVsb3BlJTIyJTNFJTNDJTJGc3BhbiUzRSUzQ2ElMjBjbGFzcyUzRCUyMnZjX2ljb25fZWxlbWVudC1saW5rJTIyJTIwaHJlZiUzRCUyMm1haWx0byUzQWphYmJvdHQlNDBtaW5wdWJsaWNvLmNsJTNCZ2JsdW1lbCU0MGludGVyaW9yLmdvYi5jbCUzRmNjJTNEbWl0dm96ZGVsb3N0cmFiYWphZG9yZXMlNDBnbWFpbC5jb20lMjIlMjB0aXRsZSUzRCUyMlBlcnNvbmFsaWRhZGVzJTIyJTIwdGFyZ2V0JTNEJTIyX3NlbGYlMjIlM0UlM0MlMkZhJTNFJTNDJTJGZGl2JTNFJTBBJTNDJTJGZGl2JTNFJTBBJTNDZGl2JTIwY2xhc3MlM0QlMjJ2Y19pY29uX2VsZW1lbnQlMjB2Y19pY29uX2VsZW1lbnQtb3V0ZXIlMjB2Y19pY29uX2VsZW1lbnQtYWxpZ24tcmlnaHQlMjIlM0UlMEElMDklM0NkaXYlMjBjbGFzcyUzRCUyMnZjX2ljb25fZWxlbWVudC1pbm5lciUyMHZjX2ljb25fZWxlbWVudC1jb2xvci1ncmVlbiUyMHZjX2ljb25fZWxlbWVudC1zaXplLW1kJTIwdmNfaWNvbl9lbGVtZW50LXN0eWxlLSUyMHZjX2ljb25fZWxlbWVudC1iYWNrZ3JvdW5kLWNvbG9yLWdyZXklMjIlM0UlMEElMDklMDklM0NzcGFuJTIwY2xhc3MlM0QlMjJ2Y19pY29uX2VsZW1lbnQtaWNvbiUyMGZhJTIwZmEtd2hhdHNhcHAlMjIlM0UlM0MlMkZzcGFuJTNFJTNDYSUyMGNsYXNzJTNEJTIydmNfaWNvbl9lbGVtZW50LWxpbmslMjIlMjBocmVmJTNEJTIyaHR0cHMlM0ElMkYlMkZ3YS5tZSUyRjU2OTQwMjM1MjYyJTIyJTIwdGl0bGUlM0QlMjJQZXJzb25hbGlkYWRlcyUyMiUyMHRhcmdldCUzRCUyMl9zZWxmJTIyJTNFJTNDJTJGYSUzRSUzQyUyRmRpdiUzRSUwQSUzQyUyRmRpdiUzRSUwQSUzQyUyRmRpdiUzRQ==[\/vc_raw_html][\/vc_column_inner][\/vc_row_inner][\/vc_column][\/vc_row][vc_row content_placement=\u00bbmiddle\u00bb el_id=\u00bbvideos\u00bb css=\u00bb.vc_custom_1589920026185{margin-top: 50px !important;margin-bottom: 50px !important;background-color: #140000 !important;}\u00bb][vc_column][vc_video link=\u00bbhttps:\/\/www.youtube.com\/playlist?list=PLALYQAbbBFqZpuYrgvLYtXibuG8zk53Fu\u00bb][\/vc_column][\/vc_row][vc_row el_id=\u00bb4resumen\u00bb][vc_column][vc_cta h2=\u00bbSolidaridad con los presos pol\u00edticos\u00bb h4=\u00bbEnv\u00eda tu foto o video\u00bb shape=\u00bbsquare\u00bb style=\u00bbflat\u00bb color=\u00bbwhite\u00bb add_button=\u00bbright\u00bb btn_title=\u00bbEnviar fotograf\u00eda al Whatsapp\u00bb btn_color=\u00bbdefault\u00bb btn_size=\u00bblg\u00bb btn_align=\u00bbcenter\u00bb css_animation=\u00bbfadeInUp\u00bb btn_button_block=\u00bbtrue\u00bb btn_link=\u00bburl:https%3A%2F%2Fwa.me%2F56940235262||target:%20_blank|\u00bb el_id=\u00bbsolidaridad\u00bb css=\u00bb.vc_custom_1589696608291{margin-top: 32px !important;padding-right: 50px !important;padding-left: 50px !important;}\u00bb][\/vc_cta][vc_empty_space][vc_raw_html css=\u00bb.vc_custom_1589929065314{margin-top: -32px !important;}\u00bb]JTVCbW9kdWxhJTIwaWQlM0QlMjI2MDUyMSUyMiU1RA==[\/vc_raw_html][vc_column_text css=\u00bb.vc_custom_1589691840915{margin-bottom: 10px !important;border-bottom-width: 2px !important;padding-top: 5px !important;padding-right: 5px !important;padding-bottom: 5px !important;padding-left: 5px !important;border-bottom-color: #a00000 !important;border-bottom-style: solid !important;}\u00bb]<\/p>\n<h4>Archivo: Revoluci\u00f3n en Chile<\/h4>\n<p>[\/vc_column_text][td_block_16 separator=\u00bb\u00bb category_ids=\u00bb-15347,14843&#8243; ajax_pagination=\u00bbload_more\u00bb tdc_css=\u00bb\u00bb][\/vc_column][\/vc_row]<\/p>\n","protected":false},"excerpt":{"rendered":"<p>[vc_row][vc_column][vc_single_image image=\u00bb60513&#8243; img_size=\u00bb1019&#215;298&#8243; alignment=\u00bbcenter\u00bb css_animation=\u00bbfadeInDown\u00bb el_id=\u00bbbanner\u00bb][vc_cta h2=\u00bb\u00a1Libertad a los Presos Pol\u00edticos en Chile!\u00bb h4=\u00bbLa LIT-CI lanza un especial para redoblar la campa\u00f1a por los presos pol\u00edticos en Chile\u00bb shape=\u00bbsquare\u00bb style=\u00bbflat\u00bb color=\u00bbwhite\u00bb add_button=\u00bbright\u00bb btn_title=\u00bbLeer m\u00e1s\u00bb btn_color=\u00bbdefault\u00bb css_animation=\u00bbfadeInUp\u00bb btn_link=\u00bburl:https%3A%2F%2Flitci.org%2Fes%2Fmenu%2Fmundo%2Flatinoamerica%2Fchile%2Fla-lit-ci-lanza-un-especial-para-redoblar-la-campana-por-los-presos-politicos-en-chile|||\u00bb css=\u00bb.vc_custom_1589924520552{padding-right: 50px !important;padding-left: 50px !important;}\u00bb el_id=\u00bbllamada\u00bb]Desde la LIT-CI y sus partidos venimos acompa\u00f1ando la campa\u00f1a de nuestros compa\u00f1eros [&hellip;]<\/p>\n","protected":false},"author":12,"featured_media":60539,"parent":0,"menu_order":0,"comment_status":"closed","ping_status":"closed","template":"","meta":{"jetpack_post_was_ever_published":false,"footnotes":""},"class_list":["post-60435","page","type-page","status-publish","has-post-thumbnail","hentry"],"jetpack_sharing_enabled":true,"_links":{"self":[{"href":"https:\/\/litci.org\/es\/wp-json\/wp\/v2\/pages\/60435","targetHints":{"allow":["GET"]}}],"collection":[{"href":"https:\/\/litci.org\/es\/wp-json\/wp\/v2\/pages"}],"about":[{"href":"https:\/\/litci.org\/es\/wp-json\/wp\/v2\/types\/page"}],"author":[{"embeddable":true,"href":"https:\/\/litci.org\/es\/wp-json\/wp\/v2\/users\/12"}],"replies":[{"embeddable":true,"href":"https:\/\/litci.org\/es\/wp-json\/wp\/v2\/comments?post=60435"}],"version-history":[{"count":49,"href":"https:\/\/litci.org\/es\/wp-json\/wp\/v2\/pages\/60435\/revisions"}],"predecessor-version":[{"id":64706,"href":"https:\/\/litci.org\/es\/wp-json\/wp\/v2\/pages\/60435\/revisions\/64706"}],"wp:featuredmedia":[{"embeddable":true,"href":"https:\/\/litci.org\/es\/wp-json\/wp\/v2\/media\/60539"}],"wp:attachment":[{"href":"https:\/\/litci.org\/es\/wp-json\/wp\/v2\/media?parent=60435"}],"curies":[{"name":"wp","href":"https:\/\/api.w.org\/{rel}","templated":true}]}}