{"id":59533,"date":"2020-03-30T22:56:05","date_gmt":"2020-03-31T01:56:05","guid":{"rendered":"https:\/\/litci.org\/es\/?page_id=59533"},"modified":"2020-10-15T13:52:35","modified_gmt":"2020-10-15T13:52:35","slug":"coronavirus","status":"publish","type":"page","link":"https:\/\/litci.org\/es\/coronavirus\/","title":{"rendered":"Coronavirus: El capitalismo mata"},"content":{"rendered":"<p>[vc_row el_id=\u00bbsolid-red\u00bb][vc_column][vc_single_image image=\u00bb59614&#8243; img_size=\u00bb1019&#215;298&#8243; el_id=\u00bbbanner\u00bb][vc_empty_space][vc_cta h2=\u00bbCoronavirus: \u00a1El capitalismo mata!\u00bb h4=\u00bbDeclaraci\u00f3n de la LIT\u00bb shape=\u00bbsquare\u00bb style=\u00bbflat\u00bb add_button=\u00bbright\u00bb btn_title=\u00bbLeer m\u00e1s\u00bb btn_color=\u00bbdefault\u00bb css_animation=\u00bbfadeInDown\u00bb btn_link=\u00bburl:https%3A%2F%2Flitci.org%2Fes%2Fcoronavirus-el-capitalismo-mata%2F|||\u00bb el_id=\u00bbllamada\u00bb css=\u00bb.vc_custom_1602769947345{padding-right: 50px !important;padding-left: 50px !important;}\u00bb]<em>El mundo est\u00e1 amenazado por la pandemia del coronavirus, que puede reeditar los millones de muertes de la gripe espa\u00f1ola de 1918.\u00a0 La amenaza contra la humanidad incluye tambi\u00e9n una nueva recesi\u00f3n mundial que puede repetir la gravedad de la recesi\u00f3n de 1929&#8230;<\/em>[\/vc_cta][\/vc_column][\/vc_row][vc_row][vc_column][vc_empty_space][vc_column_text css=\u00bb.vc_custom_1585623690868{margin-bottom: 10px !important;border-bottom-width: 2px !important;padding-top: 5px !important;padding-right: 5px !important;padding-bottom: 5px !important;padding-left: 5px !important;border-bottom-color: #a00000 !important;border-bottom-style: solid !important;}\u00bb]<\/p>\n<h4>Especial coronavirus<\/h4>\n<p>[\/vc_column_text][td_block_14 category_id=\u00bb15122&#8243; tag_slug=\u00bbespecial-coronavirus,\u00bb limit=\u00bb3&#8243; ajax_pagination=\u00bbnext_prev\u00bb][vc_empty_space][vc_column_text css=\u00bb.vc_custom_1585672216791{margin-bottom: 10px !important;border-bottom-width: 2px !important;padding-top: 5px !important;padding-right: 5px !important;padding-bottom: 5px !important;padding-left: 5px !important;border-bottom-color: #a00000 !important;border-bottom-style: solid !important;}\u00bb]<\/p>\n<h4>Epicentros<\/h4>\n<p>[\/vc_column_text][td_block_6 category_id=\u00bb15122&#8243; tag_slug=\u00bbcoronavirus-eeuu,coronavirus-estado-espanol,coronavirus-italia,\u00bb limit=\u00bb3&#8243; ajax_pagination=\u00bbnext_prev\u00bb][vc_column_text css=\u00bb.vc_custom_1585623708782{margin-bottom: 10px !important;border-bottom-width: 2px !important;padding-top: 5px !important;padding-right: 5px !important;padding-bottom: 5px !important;padding-left: 5px !important;border-bottom-color: #a00000 !important;border-bottom-style: solid !important;}\u00bb]<\/p>\n<h4>Actualidad mundial<\/h4>\n<p>[\/vc_column_text][td_block_16 category_id=\u00bb15122&#8243; limit=\u00bb10&#8243; ajax_pagination=\u00bbload_more\u00bb][\/vc_column][\/vc_row][vc_row el_id=\u00bb4resumen\u00bb][vc_column width=\u00bb2\/3&#8243;][vc_column_text css=\u00bb.vc_custom_1585623746263{border-bottom-width: 2px !important;padding-top: 5px !important;padding-right: 5px !important;padding-bottom: 5px !important;padding-left: 5px !important;border-bottom-color: #a00000 !important;border-bottom-style: solid !important;}\u00bb]<\/p>\n<h3>Cifras en el mundo<\/h3>\n<p>[\/vc_column_text][vc_raw_html]JTNDaWZyYW1lJTIwY2xhc3MlM0QlMjJpZnJhbWUtc2hvcnRjb2RlJTIyJTIwc3JjJTNEJTIyaHR0cHMlM0ElMkYlMkZ3d3cuYXJjZ2lzLmNvbSUyRmFwcHMlMkZvcHNkYXNoYm9hcmQlMkZpbmRleC5odG1sJTIzJTJGODUzMjBlMmVhNTQyNGRmYWFhNzVhZTYyZTVjMDZlNjElMjIlMjBkYXRhLWhlaWdodC1zbWFsbCUzRCUyMjcyMCUyMiUyMGRhdGEtaGVpZ2h0LW1lZGl1bSUzRCUyMjcyMCUyMiUyMGRhdGEtaGVpZ2h0LWxhcmdlJTNEJTIyNzIwJTIyJTIwc3R5bGUlM0QlMjJoZWlnaHQlM0ElMjA3MjBweCUzQndpZHRoJTNBMTAwJTI1JTIwJTIxaW1wb3J0YW50JTNCJTIyJTNFJTNDJTJGaWZyYW1lJTNF[\/vc_raw_html][vc_column_text]<em>Datos actualizados por la Universidad Johns Hopkins<br \/>\n<\/em>[\/vc_column_text][\/vc_column][vc_column width=\u00bb1\/3&#8243; el_id=\u00bbresumen\u00bb][vc_column_text css=\u00bb.vc_custom_1585623821984{margin-bottom: 10px !important;border-bottom-width: 2px !important;padding-top: 5px !important;padding-right: 5px !important;padding-bottom: 5px !important;padding-left: 5px !important;border-bottom-color: #a00000 !important;border-bottom-style: solid !important;}\u00bb]<\/p>\n<h4>Resumen Semanal<\/h4>\n<p>[\/vc_column_text][td_block_9 category_id=\u00bb15122&#8243;][\/vc_column][\/vc_row]<\/p>\n","protected":false},"excerpt":{"rendered":"<p>[vc_row el_id=\u00bbsolid-red\u00bb][vc_column][vc_single_image image=\u00bb59614&#8243; img_size=\u00bb1019&#215;298&#8243; el_id=\u00bbbanner\u00bb][vc_empty_space][vc_cta h2=\u00bbCoronavirus: \u00a1El capitalismo mata!\u00bb h4=\u00bbDeclaraci\u00f3n de la LIT\u00bb shape=\u00bbsquare\u00bb style=\u00bbflat\u00bb add_button=\u00bbright\u00bb btn_title=\u00bbLeer m\u00e1s\u00bb btn_color=\u00bbdefault\u00bb css_animation=\u00bbfadeInDown\u00bb btn_link=\u00bburl:https%3A%2F%2Flitci.org%2Fes%2Fcoronavirus-el-capitalismo-mata%2F|||\u00bb el_id=\u00bbllamada\u00bb css=\u00bb.vc_custom_1602769947345{padding-right: 50px !important;padding-left: 50px !important;}\u00bb]El mundo est\u00e1 amenazado por la pandemia del coronavirus, que puede reeditar los millones de muertes de la gripe espa\u00f1ola de 1918.\u00a0 La amenaza contra la humanidad incluye tambi\u00e9n [&hellip;]<\/p>\n","protected":false},"author":12,"featured_media":59624,"parent":0,"menu_order":0,"comment_status":"closed","ping_status":"closed","template":"","meta":{"jetpack_post_was_ever_published":false,"footnotes":""},"class_list":["post-59533","page","type-page","status-publish","has-post-thumbnail","hentry"],"jetpack_sharing_enabled":true,"_links":{"self":[{"href":"https:\/\/litci.org\/es\/wp-json\/wp\/v2\/pages\/59533","targetHints":{"allow":["GET"]}}],"collection":[{"href":"https:\/\/litci.org\/es\/wp-json\/wp\/v2\/pages"}],"about":[{"href":"https:\/\/litci.org\/es\/wp-json\/wp\/v2\/types\/page"}],"author":[{"embeddable":true,"href":"https:\/\/litci.org\/es\/wp-json\/wp\/v2\/users\/12"}],"replies":[{"embeddable":true,"href":"https:\/\/litci.org\/es\/wp-json\/wp\/v2\/comments?post=59533"}],"version-history":[{"count":33,"href":"https:\/\/litci.org\/es\/wp-json\/wp\/v2\/pages\/59533\/revisions"}],"predecessor-version":[{"id":63946,"href":"https:\/\/litci.org\/es\/wp-json\/wp\/v2\/pages\/59533\/revisions\/63946"}],"wp:featuredmedia":[{"embeddable":true,"href":"https:\/\/litci.org\/es\/wp-json\/wp\/v2\/media\/59624"}],"wp:attachment":[{"href":"https:\/\/litci.org\/es\/wp-json\/wp\/v2\/media?parent=59533"}],"curies":[{"name":"wp","href":"https:\/\/api.w.org\/{rel}","templated":true}]}}