{"id":52981,"date":"2019-02-18T22:39:20","date_gmt":"2019-02-19T00:39:20","guid":{"rendered":"https:\/\/litci.org\/es\/?page_id=52981"},"modified":"2020-03-04T18:47:00","modified_gmt":"2020-03-04T21:47:00","slug":"8m","status":"publish","type":"page","link":"https:\/\/litci.org\/es\/8m\/","title":{"rendered":"8M"},"content":{"rendered":"<p>[vc_row css=\u00bb.vc_custom_1583192730826{background-color: #652e5c !important;}\u00bb][vc_column][vc_single_image image=\u00bb58748&#8243; img_size=\u00bb1019&#215;377&#8243; alignment=\u00bbcenter\u00bb css_animation=\u00bbfadeInDown\u00bb el_id=\u00bbbanner\u00bb][vc_raw_html]JTNDY2VudGVyJTNFJTNDaWZyYW1lJTIwc3JjJTNEJTIyaHR0cHMlM0ElMkYlMkZ3d3cuZmFjZWJvb2suY29tJTJGcGx1Z2lucyUyRnZpZGVvLnBocCUzRmhyZWYlM0RodHRwcyUyNTNBJTI1MkYlMjUyRnd3dy5mYWNlYm9vay5jb20lMjUyRm1pdGNoaWxlbGl0Y2klMjUyRnZpZGVvcyUyNTJGMTAyNTMzNzAxMTE2MzUwNCUyNTJGJTI2c2hvd190ZXh0JTNEMCUyNndpZHRoJTNENTYwJTIyJTIwd2lkdGglM0QlMjI1NjAlMjIlMjBoZWlnaHQlM0QlMjIzMTUlMjIlMjBzdHlsZSUzRCUyMndpZHRoJTNBJTIwMTAwJTI1JTNCJTBBbWF4LXdpZHRoJTNBJTIwNTYwcHglM0Jib3JkZXIlM0Fub25lJTNCb3ZlcmZsb3clM0FoaWRkZW4lMjIlMjBzY3JvbGxpbmclM0QlMjJubyUyMiUyMGZyYW1lYm9yZGVyJTNEJTIyMCUyMiUyMGFsbG93VHJhbnNwYXJlbmN5JTNEJTIydHJ1ZSUyMiUyMGFsbG93RnVsbFNjcmVlbiUzRCUyMnRydWUlMjIlM0UlM0MlMkZpZnJhbWUlM0UlM0MlMkZjZW50ZXIlM0U=[\/vc_raw_html][vc_cta h2=\u00bb\u00a1Por un 8 de marzo de lucha y revoluci\u00f3n!\u00bb shape=\u00bbsquare\u00bb add_button=\u00bbright\u00bb btn_title=\u00bbLeer m\u00e1s\u00bb btn_color=\u00bbdefault\u00bb css_animation=\u00bbfadeInDown\u00bb btn_link=\u00bburl:https%3A%2F%2Flitci.org%2Fes%2Fmenu%2Fopresiones%2Fmujeres%2Fpor-un-8-de-marzo-de-lucha-y-revolucion%2F|||\u00bb el_id=\u00bbllamada\u00bb css=\u00bb.vc_custom_1583193768605{padding-right: 50px !important;padding-left: 50px !important;}\u00bb]<span style=\"color: #ffffff;\"><em>Las mujeres nos levantamos, luchamos, organizamos barricadas y nos movilizamos en muchos rincones del mundo. Rompemos prejuicios y miedos, y as\u00ed con los pu\u00f1os apretados vamos a las calles de Chile, Colombia, India, Turqu\u00eda, Hong-Kong, Ecuador, Puerto Rico, Palestina, Bolivia, Francia, Iraq y otros puntos del globo&#8230;<\/em><br \/>\n<\/span><\/p>\n<p>[\/vc_cta][\/vc_column][\/vc_row][vc_row][vc_column][vc_empty_space][vc_column_text css=\u00bb.vc_custom_1583195440937{margin-bottom: 10px !important;border-bottom-width: 2px !important;padding-top: 5px !important;padding-right: 5px !important;padding-bottom: 5px !important;padding-left: 5px !important;border-bottom-color: #9084be !important;border-bottom-style: solid !important;}\u00bb]<\/p>\n<h3>8M en Chile<\/h3>\n<p>[\/vc_column_text][td_block_14 separator=\u00bb\u00bb category_id=\u00bb15026&#8243; tag_slug=\u00bbchile-2,\u00bb limit=\u00bb3&#8243; tdc_css=\u00bb\u00bb][vc_empty_space][vc_column_text css=\u00bb.vc_custom_1550538146578{border-bottom-width: 2px !important;padding-top: 5px !important;padding-right: 5px !important;padding-bottom: 5px !important;padding-left: 5px !important;border-bottom-color: #9084be !important;border-bottom-style: solid !important;}\u00bb]<\/p>\n<h3>8M en el mundo<\/h3>\n<p>[\/vc_column_text][td_block_16 category_id=\u00bb15026&#8243; limit=\u00bb10&#8243; ajax_pagination=\u00bbload_more\u00bb][\/vc_column][\/vc_row][vc_row][vc_column width=\u00bb1\/6&#8243;][\/vc_column][vc_column width=\u00bb2\/3&#8243;][vc_column_text css=\u00bb.vc_custom_1583186531257{border-bottom-width: 2px !important;padding-top: 5px !important;padding-right: 5px !important;padding-bottom: 5px !important;padding-left: 5px !important;border-bottom-color: #9084be !important;border-bottom-style: solid !important;}\u00bb]<\/p>\n<h3>Entrevista #8M Mar\u00eda Rivera (Chile) y Vera (Brasil)<\/h3>\n<p>[\/vc_column_text][vc_video link=\u00bbhttps:\/\/youtu.be\/lKDLhm1KbcA\u00bb][\/vc_column][vc_column width=\u00bb1\/6&#8243;][\/vc_column][\/vc_row]<\/p>\n","protected":false},"excerpt":{"rendered":"<p>[vc_row css=\u00bb.vc_custom_1583192730826{background-color: #652e5c !important;}\u00bb][vc_column][vc_single_image image=\u00bb58748&#8243; img_size=\u00bb1019&#215;377&#8243; alignment=\u00bbcenter\u00bb css_animation=\u00bbfadeInDown\u00bb el_id=\u00bbbanner\u00bb][vc_raw_html]JTNDY2VudGVyJTNFJTNDaWZyYW1lJTIwc3JjJTNEJTIyaHR0cHMlM0ElMkYlMkZ3d3cuZmFjZWJvb2suY29tJTJGcGx1Z2lucyUyRnZpZGVvLnBocCUzRmhyZWYlM0RodHRwcyUyNTNBJTI1MkYlMjUyRnd3dy5mYWNlYm9vay5jb20lMjUyRm1pdGNoaWxlbGl0Y2klMjUyRnZpZGVvcyUyNTJGMTAyNTMzNzAxMTE2MzUwNCUyNTJGJTI2c2hvd190ZXh0JTNEMCUyNndpZHRoJTNENTYwJTIyJTIwd2lkdGglM0QlMjI1NjAlMjIlMjBoZWlnaHQlM0QlMjIzMTUlMjIlMjBzdHlsZSUzRCUyMndpZHRoJTNBJTIwMTAwJTI1JTNCJTBBbWF4LXdpZHRoJTNBJTIwNTYwcHglM0Jib3JkZXIlM0Fub25lJTNCb3ZlcmZsb3clM0FoaWRkZW4lMjIlMjBzY3JvbGxpbmclM0QlMjJubyUyMiUyMGZyYW1lYm9yZGVyJTNEJTIyMCUyMiUyMGFsbG93VHJhbnNwYXJlbmN5JTNEJTIydHJ1ZSUyMiUyMGFsbG93RnVsbFNjcmVlbiUzRCUyMnRydWUlMjIlM0UlM0MlMkZpZnJhbWUlM0UlM0MlMkZjZW50ZXIlM0U=[\/vc_raw_html][vc_cta h2=\u00bb\u00a1Por un 8 de marzo de lucha y revoluci\u00f3n!\u00bb shape=\u00bbsquare\u00bb add_button=\u00bbright\u00bb btn_title=\u00bbLeer m\u00e1s\u00bb btn_color=\u00bbdefault\u00bb css_animation=\u00bbfadeInDown\u00bb btn_link=\u00bburl:https%3A%2F%2Flitci.org%2Fes%2Fmenu%2Fopresiones%2Fmujeres%2Fpor-un-8-de-marzo-de-lucha-y-revolucion%2F|||\u00bb el_id=\u00bbllamada\u00bb css=\u00bb.vc_custom_1583193768605{padding-right: 50px !important;padding-left: 50px !important;}\u00bb]Las mujeres nos levantamos, luchamos, organizamos barricadas y nos movilizamos en muchos rincones del mundo. Rompemos prejuicios y miedos, y as\u00ed con los pu\u00f1os apretados [&hellip;]<\/p>\n","protected":false},"author":12,"featured_media":58754,"parent":0,"menu_order":0,"comment_status":"closed","ping_status":"closed","template":"","meta":{"jetpack_post_was_ever_published":false,"footnotes":""},"class_list":["post-52981","page","type-page","status-publish","has-post-thumbnail","hentry"],"jetpack_sharing_enabled":true,"_links":{"self":[{"href":"https:\/\/litci.org\/es\/wp-json\/wp\/v2\/pages\/52981","targetHints":{"allow":["GET"]}}],"collection":[{"href":"https:\/\/litci.org\/es\/wp-json\/wp\/v2\/pages"}],"about":[{"href":"https:\/\/litci.org\/es\/wp-json\/wp\/v2\/types\/page"}],"author":[{"embeddable":true,"href":"https:\/\/litci.org\/es\/wp-json\/wp\/v2\/users\/12"}],"replies":[{"embeddable":true,"href":"https:\/\/litci.org\/es\/wp-json\/wp\/v2\/comments?post=52981"}],"version-history":[{"count":37,"href":"https:\/\/litci.org\/es\/wp-json\/wp\/v2\/pages\/52981\/revisions"}],"predecessor-version":[{"id":58815,"href":"https:\/\/litci.org\/es\/wp-json\/wp\/v2\/pages\/52981\/revisions\/58815"}],"wp:featuredmedia":[{"embeddable":true,"href":"https:\/\/litci.org\/es\/wp-json\/wp\/v2\/media\/58754"}],"wp:attachment":[{"href":"https:\/\/litci.org\/es\/wp-json\/wp\/v2\/media?parent=52981"}],"curies":[{"name":"wp","href":"https:\/\/api.w.org\/{rel}","templated":true}]}}